{"id":637,"date":"2018-08-30T07:52:04","date_gmt":"2018-08-30T04:52:04","guid":{"rendered":"http:\/\/www.pallokarhut.fi\/lentopallo\/?p=637"},"modified":"2022-03-25T09:10:26","modified_gmt":"2022-03-25T07:10:26","slug":"historiikki","status":"publish","type":"page","link":"https:\/\/www.pallokarhut.fi\/lentopallo\/historiikki\/","title":{"rendered":"Historiikki"},"content":{"rendered":"<h1>Lyhyt historiikki<\/h1>\n<div>\n<p>Kuusamon Pallo-Karhut -urheiluseura perustettiin vuonna 1966. Nykyiset harrastus- ja kilpaurheilulajit ovat lentopallo, j\u00e4\u00e4kiekko, salibandy ja jalkapallo. Eri lajien parissa on yhteens\u00e4 yli 400 urheilijaa, joista noin 80 on lentopalloilijoita.<\/p>\n<p>Pallo-Karhujen miesten lentopallon edustusjoukkue pelasi 1. sarjassa vuosina 1993-1995 ja naisten edustusjoukkue nousi Suomen korkeimmalle sarjatasolle, nykyiseen Mestaruusliigaan, vuonna 2008. Vuonna 2017 Mestaruusliigajoukkue P\u00f6lkky Kuusamo saavutti ensimm\u00e4isen mitalinsa sijoittumalla hopealle Suomen Cupissa. T\u00e4m\u00e4n j\u00e4lkeen joukkueen menestys on jatkanut kasvuaan voittamalla Mestaruusliigassa pronssia kaudella 2018-2019, hopeaa kaudella 2020-2021 ja kultaa Finnish Teknikum Cupissa (Suomen Cup) 2021.<\/p>\n<p>P\u00f6lkky Kuusamo -joukkueessa on ty\u00f6skennellyt pelaajina, sek\u00e4 valmentajina yli kymmenen erin maan edustajia, mukaan lukien Yhdysvallat, Puerto Rico ja Israel. Joukkue on my\u00f6s pelannut kansainv\u00e4lisell\u00e4 tasolla osallistumalla CEV turnauksiin kolmena kautena.<\/p>\n<p>Kuusamon Pallo-Karhujen kasvu ja menestys eiv\u00e4t olisi mahdollisia ilman meid\u00e4n urheilijoitamme, fanejamme, talkoolaisiamme ja yhteisty\u00f6kumppaneitamme.<\/p>\n<\/div>\n<p><!--more--><br \/>\n<!-- {\"name\":\"\",\"type\":\"layout\",\"children\":[{\"name\":\"\",\"type\":\"section\",\"props\":{\"style\":\"default\",\"width\":\"small\",\"vertical_align\":\"middle\",\"title_position\":\"top-left\",\"title_rotation\":\"left\",\"title_breakpoint\":\"xl\",\"image_position\":\"center-center\"},\"children\":[{\"name\":\"\",\"type\":\"row\",\"children\":[{\"name\":\"\",\"type\":\"column\",\"props\":{\"image_position\":\"center-center\",\"width_medium\":\"1-1\",\"position_sticky_breakpoint\":\"m\",\"media_overlay_gradient\":\"\"},\"children\":[{\"name\":\"\",\"type\":\"headline\",\"props\":{\"title_element\":\"h1\",\"content\":\"Lyhyt historiikki\",\"title_style\":\"heading-small\"}},{\"name\":\"\",\"type\":\"text\",\"props\":{\"margin\":\"default\",\"column_breakpoint\":\"m\",\"content\":\"\n\n<p>Kuusamon Pallo-Karhut -urheiluseura perustettiin vuonna 1966. Nykyiset harrastus- ja kilpaurheilulajit ovat lentopallo, j\\u00e4\\u00e4kiekko, salibandy ja jalkapallo. Eri lajien parissa on yhteens\\u00e4 yli 400 urheilijaa, joista noin 80 on lentopalloilijoita.<\\\/p>\\n\n\n<p>Pallo-Karhujen miesten lentopallon edustusjoukkue pelasi 1. sarjassa vuosina 1993-1995 ja naisten edustusjoukkue nousi Suomen korkeimmalle sarjatasolle, nykyiseen Mestaruusliigaan, vuonna 2008. Vuonna 2017 Mestaruusliigajoukkue P\\u00f6lkky Kuusamo saavutti ensimm\\u00e4isen mitalinsa sijoittumalla hopealle Suomen Cupissa. T\\u00e4m\\u00e4n j\\u00e4lkeen joukkueen menestys on jatkanut kasvuaan voittamalla Mestaruusliigassa pronssia kaudella 2018-2019, hopeaa kaudella 2020-2021 ja kultaa Finnish Teknikum Cupissa (Suomen Cup) 2021.<\\\/p>\\n\n\n<p>P\\u00f6lkky Kuusamo -joukkueessa on ty\\u00f6skennellyt pelaajina, sek\\u00e4 valmentajina yli kymmenen erin maan edustajia, mukaan lukien Yhdysvallat, Puerto Rico ja Israel. Joukkue on my\\u00f6s pelannut kansainv\\u00e4lisell\\u00e4 tasolla osallistumalla CEV turnauksiin kolmena kautena.<\\\/p>\\n\n\n<p>Kuusamon Pallo-Karhujen kasvu ja menestys eiv\\u00e4t olisi mahdollisia ilman meid\\u00e4n urheilijoitamme, fanejamme, talkoolaisiamme ja yhteisty\\u00f6kumppaneitamme.<\\\/p>\"}}]}]}]}],\"version\":\"2.7.16\"} --><\/p>\n","protected":false},"excerpt":{"rendered":"<p>Lyhyt historiikki Kuusamon Pallo-Karhut -urheiluseura perustettiin vuonna 1966. Nykyiset harrastus- ja kilpaurheilulajit ovat lentopallo, j\u00e4\u00e4kiekko, salibandy ja jalkapallo. Eri lajien parissa on yhteens\u00e4 yli 400 urheilijaa, joista noin 80 on lentopalloilijoita. Pallo-Karhujen miesten lentopallon edustusjoukkue pelasi 1. sarjassa vuosina 1993-1995 ja naisten edustusjoukkue nousi Suomen korkeimmalle sarjatasolle, nykyiseen Mestaruusliigaan, vuonna 2008. Vuonna 2017 Mestaruusliigajoukkue P\u00f6lkky [&hellip;]<\/p>\n","protected":false},"author":1,"featured_media":888,"parent":0,"menu_order":4,"comment_status":"closed","ping_status":"closed","template":"","meta":{"footnotes":""},"class_list":["post-637","page","type-page","status-publish","has-post-thumbnail","hentry"],"yoast_head":"<!-- This site is optimized with the Yoast SEO plugin v27.1.1 - https:\/\/yoast.com\/product\/yoast-seo-wordpress\/ -->\n<title>Historiikki - Pallokarhut, lentopallo<\/title>\n<meta name=\"description\" content=\"Pallo-Karhujen naisten lentopallon edustusjoukkue nousi Suomen korkeimmalle sarjatasolle, nykyiseen Mestaruusliigaan, vuonna 2008.\" \/>\n<meta name=\"robots\" content=\"index, follow, max-snippet:-1, max-image-preview:large, max-video-preview:-1\" \/>\n<link rel=\"canonical\" href=\"https:\/\/www.pallokarhut.fi\/lentopallo\/historiikki\/\" \/>\n<meta property=\"og:locale\" content=\"fi_FI\" \/>\n<meta property=\"og:type\" content=\"article\" \/>\n<meta property=\"og:title\" content=\"Historiikki - Pallokarhut, lentopallo\" \/>\n<meta property=\"og:description\" content=\"Pallo-Karhujen naisten lentopallon edustusjoukkue nousi Suomen korkeimmalle sarjatasolle, nykyiseen Mestaruusliigaan, vuonna 2008.\" \/>\n<meta property=\"og:url\" content=\"https:\/\/www.pallokarhut.fi\/lentopallo\/historiikki\/\" \/>\n<meta property=\"og:site_name\" content=\"Pallokarhut, lentopallo\" \/>\n<meta property=\"article:modified_time\" content=\"2022-03-25T07:10:26+00:00\" \/>\n<meta property=\"og:image\" content=\"https:\/\/www.pallokarhut.fi\/lentopallo\/wp-content\/uploads\/2022\/01\/tukilippuwww.jpg\" \/>\n\t<meta property=\"og:image:width\" content=\"1280\" \/>\n\t<meta property=\"og:image:height\" content=\"720\" \/>\n\t<meta property=\"og:image:type\" content=\"image\/jpeg\" \/>\n<meta name=\"twitter:card\" content=\"summary_large_image\" \/>\n<meta name=\"twitter:label1\" content=\"Arvioitu lukuaika\" \/>\n\t<meta name=\"twitter:data1\" content=\"1 minuutti\" \/>\n<script type=\"application\/ld+json\" class=\"yoast-schema-graph\">{\"@context\":\"https:\/\/schema.org\",\"@graph\":[{\"@type\":\"WebPage\",\"@id\":\"https:\/\/www.pallokarhut.fi\/lentopallo\/historiikki\/\",\"url\":\"https:\/\/www.pallokarhut.fi\/lentopallo\/historiikki\/\",\"name\":\"Historiikki - Pallokarhut, lentopallo\",\"isPartOf\":{\"@id\":\"https:\/\/www.pallokarhut.fi\/lentopallo\/#website\"},\"primaryImageOfPage\":{\"@id\":\"https:\/\/www.pallokarhut.fi\/lentopallo\/historiikki\/#primaryimage\"},\"image\":{\"@id\":\"https:\/\/www.pallokarhut.fi\/lentopallo\/historiikki\/#primaryimage\"},\"thumbnailUrl\":\"https:\/\/www.pallokarhut.fi\/lentopallo\/wp-content\/uploads\/2022\/01\/tukilippuwww.jpg\",\"datePublished\":\"2018-08-30T04:52:04+00:00\",\"dateModified\":\"2022-03-25T07:10:26+00:00\",\"description\":\"Pallo-Karhujen naisten lentopallon edustusjoukkue nousi Suomen korkeimmalle sarjatasolle, nykyiseen Mestaruusliigaan, vuonna 2008.\",\"breadcrumb\":{\"@id\":\"https:\/\/www.pallokarhut.fi\/lentopallo\/historiikki\/#breadcrumb\"},\"inLanguage\":\"fi\",\"potentialAction\":[{\"@type\":\"ReadAction\",\"target\":[\"https:\/\/www.pallokarhut.fi\/lentopallo\/historiikki\/\"]}]},{\"@type\":\"ImageObject\",\"inLanguage\":\"fi\",\"@id\":\"https:\/\/www.pallokarhut.fi\/lentopallo\/historiikki\/#primaryimage\",\"url\":\"https:\/\/www.pallokarhut.fi\/lentopallo\/wp-content\/uploads\/2022\/01\/tukilippuwww.jpg\",\"contentUrl\":\"https:\/\/www.pallokarhut.fi\/lentopallo\/wp-content\/uploads\/2022\/01\/tukilippuwww.jpg\",\"width\":1280,\"height\":720},{\"@type\":\"BreadcrumbList\",\"@id\":\"https:\/\/www.pallokarhut.fi\/lentopallo\/historiikki\/#breadcrumb\",\"itemListElement\":[{\"@type\":\"ListItem\",\"position\":1,\"name\":\"Etusivu\",\"item\":\"https:\/\/www.pallokarhut.fi\/lentopallo\/\"},{\"@type\":\"ListItem\",\"position\":2,\"name\":\"Historiikki\"}]},{\"@type\":\"WebSite\",\"@id\":\"https:\/\/www.pallokarhut.fi\/lentopallo\/#website\",\"url\":\"https:\/\/www.pallokarhut.fi\/lentopallo\/\",\"name\":\"Pallokarhut, lentopallo\",\"description\":\"Lentopalloa Kuusamossa\",\"potentialAction\":[{\"@type\":\"SearchAction\",\"target\":{\"@type\":\"EntryPoint\",\"urlTemplate\":\"https:\/\/www.pallokarhut.fi\/lentopallo\/?s={search_term_string}\"},\"query-input\":{\"@type\":\"PropertyValueSpecification\",\"valueRequired\":true,\"valueName\":\"search_term_string\"}}],\"inLanguage\":\"fi\"}]}<\/script>\n<!-- \/ Yoast SEO plugin. -->","yoast_head_json":{"title":"Historiikki - Pallokarhut, lentopallo","description":"Pallo-Karhujen naisten lentopallon edustusjoukkue nousi Suomen korkeimmalle sarjatasolle, nykyiseen Mestaruusliigaan, vuonna 2008.","robots":{"index":"index","follow":"follow","max-snippet":"max-snippet:-1","max-image-preview":"max-image-preview:large","max-video-preview":"max-video-preview:-1"},"canonical":"https:\/\/www.pallokarhut.fi\/lentopallo\/historiikki\/","og_locale":"fi_FI","og_type":"article","og_title":"Historiikki - Pallokarhut, lentopallo","og_description":"Pallo-Karhujen naisten lentopallon edustusjoukkue nousi Suomen korkeimmalle sarjatasolle, nykyiseen Mestaruusliigaan, vuonna 2008.","og_url":"https:\/\/www.pallokarhut.fi\/lentopallo\/historiikki\/","og_site_name":"Pallokarhut, lentopallo","article_modified_time":"2022-03-25T07:10:26+00:00","og_image":[{"width":1280,"height":720,"url":"https:\/\/www.pallokarhut.fi\/lentopallo\/wp-content\/uploads\/2022\/01\/tukilippuwww.jpg","type":"image\/jpeg"}],"twitter_card":"summary_large_image","twitter_misc":{"Arvioitu lukuaika":"1 minuutti"},"schema":{"@context":"https:\/\/schema.org","@graph":[{"@type":"WebPage","@id":"https:\/\/www.pallokarhut.fi\/lentopallo\/historiikki\/","url":"https:\/\/www.pallokarhut.fi\/lentopallo\/historiikki\/","name":"Historiikki - Pallokarhut, lentopallo","isPartOf":{"@id":"https:\/\/www.pallokarhut.fi\/lentopallo\/#website"},"primaryImageOfPage":{"@id":"https:\/\/www.pallokarhut.fi\/lentopallo\/historiikki\/#primaryimage"},"image":{"@id":"https:\/\/www.pallokarhut.fi\/lentopallo\/historiikki\/#primaryimage"},"thumbnailUrl":"https:\/\/www.pallokarhut.fi\/lentopallo\/wp-content\/uploads\/2022\/01\/tukilippuwww.jpg","datePublished":"2018-08-30T04:52:04+00:00","dateModified":"2022-03-25T07:10:26+00:00","description":"Pallo-Karhujen naisten lentopallon edustusjoukkue nousi Suomen korkeimmalle sarjatasolle, nykyiseen Mestaruusliigaan, vuonna 2008.","breadcrumb":{"@id":"https:\/\/www.pallokarhut.fi\/lentopallo\/historiikki\/#breadcrumb"},"inLanguage":"fi","potentialAction":[{"@type":"ReadAction","target":["https:\/\/www.pallokarhut.fi\/lentopallo\/historiikki\/"]}]},{"@type":"ImageObject","inLanguage":"fi","@id":"https:\/\/www.pallokarhut.fi\/lentopallo\/historiikki\/#primaryimage","url":"https:\/\/www.pallokarhut.fi\/lentopallo\/wp-content\/uploads\/2022\/01\/tukilippuwww.jpg","contentUrl":"https:\/\/www.pallokarhut.fi\/lentopallo\/wp-content\/uploads\/2022\/01\/tukilippuwww.jpg","width":1280,"height":720},{"@type":"BreadcrumbList","@id":"https:\/\/www.pallokarhut.fi\/lentopallo\/historiikki\/#breadcrumb","itemListElement":[{"@type":"ListItem","position":1,"name":"Etusivu","item":"https:\/\/www.pallokarhut.fi\/lentopallo\/"},{"@type":"ListItem","position":2,"name":"Historiikki"}]},{"@type":"WebSite","@id":"https:\/\/www.pallokarhut.fi\/lentopallo\/#website","url":"https:\/\/www.pallokarhut.fi\/lentopallo\/","name":"Pallokarhut, lentopallo","description":"Lentopalloa Kuusamossa","potentialAction":[{"@type":"SearchAction","target":{"@type":"EntryPoint","urlTemplate":"https:\/\/www.pallokarhut.fi\/lentopallo\/?s={search_term_string}"},"query-input":{"@type":"PropertyValueSpecification","valueRequired":true,"valueName":"search_term_string"}}],"inLanguage":"fi"}]}},"_links":{"self":[{"href":"https:\/\/www.pallokarhut.fi\/lentopallo\/wp-json\/wp\/v2\/pages\/637","targetHints":{"allow":["GET"]}}],"collection":[{"href":"https:\/\/www.pallokarhut.fi\/lentopallo\/wp-json\/wp\/v2\/pages"}],"about":[{"href":"https:\/\/www.pallokarhut.fi\/lentopallo\/wp-json\/wp\/v2\/types\/page"}],"author":[{"embeddable":true,"href":"https:\/\/www.pallokarhut.fi\/lentopallo\/wp-json\/wp\/v2\/users\/1"}],"replies":[{"embeddable":true,"href":"https:\/\/www.pallokarhut.fi\/lentopallo\/wp-json\/wp\/v2\/comments?post=637"}],"version-history":[{"count":1,"href":"https:\/\/www.pallokarhut.fi\/lentopallo\/wp-json\/wp\/v2\/pages\/637\/revisions"}],"predecessor-version":[{"id":1384,"href":"https:\/\/www.pallokarhut.fi\/lentopallo\/wp-json\/wp\/v2\/pages\/637\/revisions\/1384"}],"wp:featuredmedia":[{"embeddable":true,"href":"https:\/\/www.pallokarhut.fi\/lentopallo\/wp-json\/wp\/v2\/media\/888"}],"wp:attachment":[{"href":"https:\/\/www.pallokarhut.fi\/lentopallo\/wp-json\/wp\/v2\/media?parent=637"}],"curies":[{"name":"wp","href":"https:\/\/api.w.org\/{rel}","templated":true}]}}