{"id":38,"date":"2013-09-04T10:07:02","date_gmt":"2013-09-04T07:07:02","guid":{"rendered":"http:\/\/www.pallokarhut.fi\/lentopallo\/?p=38"},"modified":"2022-03-14T13:34:25","modified_gmt":"2022-03-14T11:34:25","slug":"myytavat-tuotteet","status":"publish","type":"page","link":"https:\/\/www.pallokarhut.fi\/lentopallo\/myytavat-tuotteet\/","title":{"rendered":"Myyt\u00e4v\u00e4t tuotteet"},"content":{"rendered":"<h1>Myyt\u00e4v\u00e4t fanituotteet<\/h1>\n<div>\n<p>Lis\u00e4tietoja Riinalta\u00a0040 515 7931<\/p>\n<\/div>\n<ul>\n<li>\n<p>        <img decoding=\"async\" src=\"\/lentopallo\/wp-content\/uploads\/2013\/09\/kaulaliina.jpg\" alt=\"\"><\/p>\n<h3>Kaulaliina<\/h3>\n<div>\n<p>Myyntituotteena tyylik\u00e4s kaulaliina, hinta<br \/>20\u20ac\/kpl. (postitettuna Suomeen 30 \u20ac\/kpl)<\/p>\n<\/div>\n<\/li>\n<li>\n<p>        <img decoding=\"async\" src=\"\/lentopallo\/wp-content\/uploads\/2013\/09\/juomapullot_www.jpg\" alt=\"\"><\/p>\n<h3>Juomapullot<\/h3>\n<div>\n<p>Juomapullo Pallo-Karhujen logolla, hinta<br \/>10\u20ac\/kpl<\/p>\n<\/div>\n<\/li>\n<\/ul>\n<p><!--more--><br \/>\n<!-- {\"type\":\"layout\",\"children\":[{\"type\":\"section\",\"props\":{\"style\":\"default\",\"width\":\"default\",\"vertical_align\":\"middle\",\"title_position\":\"top-left\",\"title_rotation\":\"left\",\"title_breakpoint\":\"xl\",\"image_position\":\"center-center\"},\"children\":[{\"type\":\"row\",\"children\":[{\"type\":\"column\",\"props\":{\"position_sticky_breakpoint\":\"m\",\"image_position\":\"center-center\",\"media_overlay_gradient\":\"\"},\"children\":[{\"type\":\"headline\",\"props\":{\"title_element\":\"h1\",\"content\":\"Myyt\\u00e4v\\u00e4t fanituotteet\",\"title_style\":\"heading-small\",\"title_decoration\":\"line\",\"text_align\":\"center\"}},{\"type\":\"text\",\"props\":{\"margin\":\"default\",\"column_breakpoint\":\"m\",\"content\":\"\n\n<p>Lis\\u00e4tietoja Riinalta\\u00a0040 515 7931<\\\/p>\",\"text_align\":\"center\"}},{\"type\":\"grid\",\"props\":{\"show_title\":true,\"show_meta\":true,\"show_content\":true,\"show_image\":true,\"show_link\":true,\"grid_default\":\"1\",\"grid_medium\":\"2\",\"filter_style\":\"tab\",\"filter_all\":true,\"filter_position\":\"top\",\"filter_align\":\"left\",\"filter_grid_width\":\"auto\",\"filter_grid_breakpoint\":\"m\",\"title_hover_style\":\"reset\",\"title_element\":\"h3\",\"title_align\":\"top\",\"title_grid_width\":\"1-2\",\"title_grid_breakpoint\":\"m\",\"meta_style\":\"meta\",\"meta_align\":\"below-title\",\"meta_element\":\"div\",\"content_column_breakpoint\":\"m\",\"icon_width\":80,\"image_align\":\"top\",\"image_grid_width\":\"1-2\",\"image_grid_breakpoint\":\"m\",\"image_svg_color\":\"emphasis\",\"link_text\":\"Read more\",\"link_style\":\"default\",\"margin\":\"default\",\"item_animation\":true,\"image_width\":\"800\",\"image_height\":\"533\",\"grid_small\":\"2\",\"content_margin\":\"small\"},\"children\":[{\"type\":\"grid_item\",\"props\":{\"title\":\"Kaulaliina\",\"image\":\"wp-content\\\/uploads\\\/2013\\\/09\\\/kaulaliina.jpg\",\"content\":\"\n\n<p>Myyntituotteena tyylik\\u00e4s kaulaliina, hinta<br \\\/>20\\u20ac\\\/kpl. (postitettuna Suomeen 30 \\u20ac\\\/kpl)<\\\/p>\"}},{\"type\":\"grid_item\",\"props\":{\"title\":\"Juomapullot\",\"image\":\"wp-content\\\/uploads\\\/2013\\\/09\\\/juomapullot_www.jpg\",\"content\":\"\n\n<p>Juomapullo Pallo-Karhujen logolla, hinta<br \\\/>10\\u20ac\\\/kpl<\\\/p>\"}}]}]}]}]}],\"version\":\"2.7.20\",\"yooessentialsVersion\":\"1.5.15\"} --><\/p>\n","protected":false},"excerpt":{"rendered":"<p>Myyt\u00e4v\u00e4t fanituotteet Lis\u00e4tietoja Riinalta\u00a0040 515 7931 Kaulaliina Myyntituotteena tyylik\u00e4s kaulaliina, hinta20\u20ac\/kpl. (postitettuna Suomeen 30 \u20ac\/kpl) Juomapullot Juomapullo Pallo-Karhujen logolla, hinta10\u20ac\/kpl<\/p>\n","protected":false},"author":1,"featured_media":36,"parent":0,"menu_order":1,"comment_status":"closed","ping_status":"closed","template":"","meta":{"footnotes":""},"class_list":["post-38","page","type-page","status-publish","has-post-thumbnail","hentry"],"yoast_head":"<!-- This site is optimized with the Yoast SEO plugin v27.1.1 - https:\/\/yoast.com\/product\/yoast-seo-wordpress\/ -->\n<title>Myyt\u00e4v\u00e4t tuotteet - Pallokarhut, lentopallo<\/title>\n<meta name=\"robots\" content=\"index, follow, max-snippet:-1, max-image-preview:large, max-video-preview:-1\" \/>\n<link rel=\"canonical\" href=\"https:\/\/www.pallokarhut.fi\/lentopallo\/myytavat-tuotteet\/\" \/>\n<meta property=\"og:locale\" content=\"fi_FI\" \/>\n<meta property=\"og:type\" content=\"article\" \/>\n<meta property=\"og:title\" content=\"Myyt\u00e4v\u00e4t tuotteet - Pallokarhut, lentopallo\" \/>\n<meta property=\"og:description\" content=\"Myyt\u00e4v\u00e4t fanituotteet Lis\u00e4tietoja Riinalta\u00a0040 515 7931 Kaulaliina Myyntituotteena tyylik\u00e4s kaulaliina, hinta20\u20ac\/kpl. (postitettuna Suomeen 30 \u20ac\/kpl) Juomapullot Juomapullo Pallo-Karhujen logolla, hinta10\u20ac\/kpl\" \/>\n<meta property=\"og:url\" content=\"https:\/\/www.pallokarhut.fi\/lentopallo\/myytavat-tuotteet\/\" \/>\n<meta property=\"og:site_name\" content=\"Pallokarhut, lentopallo\" \/>\n<meta property=\"article:modified_time\" content=\"2022-03-14T11:34:25+00:00\" \/>\n<meta property=\"og:image\" content=\"https:\/\/www.pallokarhut.fi\/lentopallo\/wp-content\/uploads\/2013\/09\/kaulaliina.jpg\" \/>\n\t<meta property=\"og:image:width\" content=\"960\" \/>\n\t<meta property=\"og:image:height\" content=\"540\" \/>\n\t<meta property=\"og:image:type\" content=\"image\/jpeg\" \/>\n<meta name=\"twitter:card\" content=\"summary_large_image\" \/>\n<script type=\"application\/ld+json\" class=\"yoast-schema-graph\">{\"@context\":\"https:\/\/schema.org\",\"@graph\":[{\"@type\":\"WebPage\",\"@id\":\"https:\/\/www.pallokarhut.fi\/lentopallo\/myytavat-tuotteet\/\",\"url\":\"https:\/\/www.pallokarhut.fi\/lentopallo\/myytavat-tuotteet\/\",\"name\":\"Myyt\u00e4v\u00e4t tuotteet - Pallokarhut, lentopallo\",\"isPartOf\":{\"@id\":\"https:\/\/www.pallokarhut.fi\/lentopallo\/#website\"},\"primaryImageOfPage\":{\"@id\":\"https:\/\/www.pallokarhut.fi\/lentopallo\/myytavat-tuotteet\/#primaryimage\"},\"image\":{\"@id\":\"https:\/\/www.pallokarhut.fi\/lentopallo\/myytavat-tuotteet\/#primaryimage\"},\"thumbnailUrl\":\"https:\/\/www.pallokarhut.fi\/lentopallo\/wp-content\/uploads\/2013\/09\/kaulaliina.jpg\",\"datePublished\":\"2013-09-04T07:07:02+00:00\",\"dateModified\":\"2022-03-14T11:34:25+00:00\",\"breadcrumb\":{\"@id\":\"https:\/\/www.pallokarhut.fi\/lentopallo\/myytavat-tuotteet\/#breadcrumb\"},\"inLanguage\":\"fi\",\"potentialAction\":[{\"@type\":\"ReadAction\",\"target\":[\"https:\/\/www.pallokarhut.fi\/lentopallo\/myytavat-tuotteet\/\"]}]},{\"@type\":\"ImageObject\",\"inLanguage\":\"fi\",\"@id\":\"https:\/\/www.pallokarhut.fi\/lentopallo\/myytavat-tuotteet\/#primaryimage\",\"url\":\"https:\/\/www.pallokarhut.fi\/lentopallo\/wp-content\/uploads\/2013\/09\/kaulaliina.jpg\",\"contentUrl\":\"https:\/\/www.pallokarhut.fi\/lentopallo\/wp-content\/uploads\/2013\/09\/kaulaliina.jpg\",\"width\":960,\"height\":540,\"caption\":\"kaulaliina\"},{\"@type\":\"BreadcrumbList\",\"@id\":\"https:\/\/www.pallokarhut.fi\/lentopallo\/myytavat-tuotteet\/#breadcrumb\",\"itemListElement\":[{\"@type\":\"ListItem\",\"position\":1,\"name\":\"Etusivu\",\"item\":\"https:\/\/www.pallokarhut.fi\/lentopallo\/\"},{\"@type\":\"ListItem\",\"position\":2,\"name\":\"Myyt\u00e4v\u00e4t tuotteet\"}]},{\"@type\":\"WebSite\",\"@id\":\"https:\/\/www.pallokarhut.fi\/lentopallo\/#website\",\"url\":\"https:\/\/www.pallokarhut.fi\/lentopallo\/\",\"name\":\"Pallokarhut, lentopallo\",\"description\":\"Lentopalloa Kuusamossa\",\"potentialAction\":[{\"@type\":\"SearchAction\",\"target\":{\"@type\":\"EntryPoint\",\"urlTemplate\":\"https:\/\/www.pallokarhut.fi\/lentopallo\/?s={search_term_string}\"},\"query-input\":{\"@type\":\"PropertyValueSpecification\",\"valueRequired\":true,\"valueName\":\"search_term_string\"}}],\"inLanguage\":\"fi\"}]}<\/script>\n<!-- \/ Yoast SEO plugin. -->","yoast_head_json":{"title":"Myyt\u00e4v\u00e4t tuotteet - Pallokarhut, lentopallo","robots":{"index":"index","follow":"follow","max-snippet":"max-snippet:-1","max-image-preview":"max-image-preview:large","max-video-preview":"max-video-preview:-1"},"canonical":"https:\/\/www.pallokarhut.fi\/lentopallo\/myytavat-tuotteet\/","og_locale":"fi_FI","og_type":"article","og_title":"Myyt\u00e4v\u00e4t tuotteet - Pallokarhut, lentopallo","og_description":"Myyt\u00e4v\u00e4t fanituotteet Lis\u00e4tietoja Riinalta\u00a0040 515 7931 Kaulaliina Myyntituotteena tyylik\u00e4s kaulaliina, hinta20\u20ac\/kpl. (postitettuna Suomeen 30 \u20ac\/kpl) Juomapullot Juomapullo Pallo-Karhujen logolla, hinta10\u20ac\/kpl","og_url":"https:\/\/www.pallokarhut.fi\/lentopallo\/myytavat-tuotteet\/","og_site_name":"Pallokarhut, lentopallo","article_modified_time":"2022-03-14T11:34:25+00:00","og_image":[{"width":960,"height":540,"url":"https:\/\/www.pallokarhut.fi\/lentopallo\/wp-content\/uploads\/2013\/09\/kaulaliina.jpg","type":"image\/jpeg"}],"twitter_card":"summary_large_image","schema":{"@context":"https:\/\/schema.org","@graph":[{"@type":"WebPage","@id":"https:\/\/www.pallokarhut.fi\/lentopallo\/myytavat-tuotteet\/","url":"https:\/\/www.pallokarhut.fi\/lentopallo\/myytavat-tuotteet\/","name":"Myyt\u00e4v\u00e4t tuotteet - Pallokarhut, lentopallo","isPartOf":{"@id":"https:\/\/www.pallokarhut.fi\/lentopallo\/#website"},"primaryImageOfPage":{"@id":"https:\/\/www.pallokarhut.fi\/lentopallo\/myytavat-tuotteet\/#primaryimage"},"image":{"@id":"https:\/\/www.pallokarhut.fi\/lentopallo\/myytavat-tuotteet\/#primaryimage"},"thumbnailUrl":"https:\/\/www.pallokarhut.fi\/lentopallo\/wp-content\/uploads\/2013\/09\/kaulaliina.jpg","datePublished":"2013-09-04T07:07:02+00:00","dateModified":"2022-03-14T11:34:25+00:00","breadcrumb":{"@id":"https:\/\/www.pallokarhut.fi\/lentopallo\/myytavat-tuotteet\/#breadcrumb"},"inLanguage":"fi","potentialAction":[{"@type":"ReadAction","target":["https:\/\/www.pallokarhut.fi\/lentopallo\/myytavat-tuotteet\/"]}]},{"@type":"ImageObject","inLanguage":"fi","@id":"https:\/\/www.pallokarhut.fi\/lentopallo\/myytavat-tuotteet\/#primaryimage","url":"https:\/\/www.pallokarhut.fi\/lentopallo\/wp-content\/uploads\/2013\/09\/kaulaliina.jpg","contentUrl":"https:\/\/www.pallokarhut.fi\/lentopallo\/wp-content\/uploads\/2013\/09\/kaulaliina.jpg","width":960,"height":540,"caption":"kaulaliina"},{"@type":"BreadcrumbList","@id":"https:\/\/www.pallokarhut.fi\/lentopallo\/myytavat-tuotteet\/#breadcrumb","itemListElement":[{"@type":"ListItem","position":1,"name":"Etusivu","item":"https:\/\/www.pallokarhut.fi\/lentopallo\/"},{"@type":"ListItem","position":2,"name":"Myyt\u00e4v\u00e4t tuotteet"}]},{"@type":"WebSite","@id":"https:\/\/www.pallokarhut.fi\/lentopallo\/#website","url":"https:\/\/www.pallokarhut.fi\/lentopallo\/","name":"Pallokarhut, lentopallo","description":"Lentopalloa Kuusamossa","potentialAction":[{"@type":"SearchAction","target":{"@type":"EntryPoint","urlTemplate":"https:\/\/www.pallokarhut.fi\/lentopallo\/?s={search_term_string}"},"query-input":{"@type":"PropertyValueSpecification","valueRequired":true,"valueName":"search_term_string"}}],"inLanguage":"fi"}]}},"_links":{"self":[{"href":"https:\/\/www.pallokarhut.fi\/lentopallo\/wp-json\/wp\/v2\/pages\/38","targetHints":{"allow":["GET"]}}],"collection":[{"href":"https:\/\/www.pallokarhut.fi\/lentopallo\/wp-json\/wp\/v2\/pages"}],"about":[{"href":"https:\/\/www.pallokarhut.fi\/lentopallo\/wp-json\/wp\/v2\/types\/page"}],"author":[{"embeddable":true,"href":"https:\/\/www.pallokarhut.fi\/lentopallo\/wp-json\/wp\/v2\/users\/1"}],"replies":[{"embeddable":true,"href":"https:\/\/www.pallokarhut.fi\/lentopallo\/wp-json\/wp\/v2\/comments?post=38"}],"version-history":[{"count":3,"href":"https:\/\/www.pallokarhut.fi\/lentopallo\/wp-json\/wp\/v2\/pages\/38\/revisions"}],"predecessor-version":[{"id":1285,"href":"https:\/\/www.pallokarhut.fi\/lentopallo\/wp-json\/wp\/v2\/pages\/38\/revisions\/1285"}],"wp:featuredmedia":[{"embeddable":true,"href":"https:\/\/www.pallokarhut.fi\/lentopallo\/wp-json\/wp\/v2\/media\/36"}],"wp:attachment":[{"href":"https:\/\/www.pallokarhut.fi\/lentopallo\/wp-json\/wp\/v2\/media?parent=38"}],"curies":[{"name":"wp","href":"https:\/\/api.w.org\/{rel}","templated":true}]}}