{"id":3,"date":"2022-03-11T11:42:03","date_gmt":"2022-03-11T09:42:03","guid":{"rendered":"http:\/\/www.pallokarhut.fi\/lentopallo\/?page_id=3"},"modified":"2025-09-09T10:21:39","modified_gmt":"2025-09-09T07:21:39","slug":"rekisteriseloste","status":"publish","type":"page","link":"https:\/\/www.pallokarhut.fi\/lentopallo\/rekisteriseloste\/","title":{"rendered":"Rekisteriseloste"},"content":{"rendered":"\n<figure class=\"wp-block-image size-full\"><img decoding=\"async\" width=\"166\" height=\"21\" src=\"https:\/\/www.pallokarhut.fi\/lentopallo\/wp-content\/uploads\/2025\/09\/suomisport.png\" alt=\"\" class=\"wp-image-4074\"\/><\/figure>\n\n\n\n<h3 class=\"wp-block-heading\">Rekisterinpit\u00e4j\u00e4<\/h3>\n\n\n\n<p>Nimi: Kuusamon Pallo-Karhut Lentopallo ry<br>Osoite: Hukanpolku 8; 93600 KUUSAMO<\/p>\n\n\n\n<p>Yhteyshenkil\u00f6 rekisteri\u00e4 koskevissa asioissa<br>Nimi: Riina Korhonen, riina.korhonen@hotmail.com<br>Osoite: www.pallokarhut.fi\/lentopallo\/<\/p>\n\n\n\n<h3 class=\"wp-block-heading\">Rekisterin nimi<\/h3>\n\n\n\n<p>Suomisport-palvelun \/ Kuusamon Pallo-Karhut Lentopallo ry:n oma rekisteri.<br>T\u00e4m\u00e4 tietosuojaseloste koskee Suomisport-palvelua ja<br>seuran k\u00e4sittelemi\u00e4 Sporttitilien tietoja.\u202fT\u00e4ss\u00e4 tietosuojaselosteessa kuvataan, miten seura<br>k\u00e4sittelee rekisterinpit\u00e4j\u00e4n\u00e4 henkil\u00f6iden Sporttitilien tietoja.<\/p>\n\n\n\n<h3 class=\"wp-block-heading\">Rekisterin kuvaus<\/h3>\n\n\n\n<p>Suomisport on Suomen Olympiakomitean ja suomalaisen urheiluyhteis\u00f6n yhteinen urheilu- ja<br>liikuntapalvelu. Henkil\u00f6 luo itselleen oman asiointitilin eli Sporttitilin Suomisportpalveluun. Sporttitilill\u00e4 henkil\u00f6t asioivat palvelussa sek\u00e4 hallinnoivat My Data -periaatteen<br>mukaisesti itse omia tietojaan.<br>Sporttitili\u00e4 k\u00e4ytt\u00e4m\u00e4ll\u00e4 rekister\u00f6ity voi hankkia palvelussa tarjolla olevia erilaisia liikunta- ja<br>urheilupalveluja kuten kilpailulisenssej\u00e4, vakuutuksia, seuraj\u00e4senyyksi\u00e4 ja seurojen tuotteita ja<br>palveluja sek\u00e4 ilmoittautua erilaisiin tapahtumiin. Sporttitilin avulla henkil\u00f6 voi hallinnoida omaa ja<br>huollettaviensa sporttiarkea verkkopalvelussa ja mobiilisovelluksessa.<\/p>\n\n\n\n<p><strong>KER\u00c4TT\u00c4V\u00c4T TIEDOT<\/strong><\/p>\n\n\n\n<p>Suomisportin Sporttitilille ker\u00e4t\u00e4\u00e4n seuraavat henkil\u00f6tiedot: nimi, henkil\u00f6tunnus,<br>kansalaisuus, puhelinnumero, s\u00e4hk\u00f6postiosoite ja postiosoite. Jos rekister\u00f6ityj\u00e4 hoitaa<br>asioita huollettavansa puolesta Suomisport-palvelussa, ker\u00e4\u00e4 Suomisport-palvelu huollettavan<br>vastaavat tiedot.<\/p>\n\n\n\n<p>Henkil\u00f6tunnuksen antamisen perusteet ja henkil\u00f6tunnuksen k\u00e4ytt\u00f6<br>Henkil\u00f6tunnus toimii tili\u00e4 luodessa ainoastaan henkil\u00f6n yksil\u00f6innin v\u00e4lineen\u00e4, mink\u00e4 pohjalta<br>jokainen saa itselleen henkil\u00f6kohtaisen Sportti-ID:n ja Sporttitilin. Henkil\u00f6tunnuksen ker\u00e4\u00e4minen<br>yksil\u00f6inti\u00e4 varten on palvelussa tarpeellista ja lainmukaista.<br>Sporttitilin luonnin yhteydess\u00e4 kysytt\u00e4v\u00e4\u00e4 henkil\u00f6tunnusta ei v\u00e4litet\u00e4 tai k\u00e4sitell\u00e4 Suomisportpalvelussa. Suomisport-palvelun henkil\u00f6tietojen k\u00e4sittelij\u00e4t eiv\u00e4t n\u00e4e, eiv\u00e4tk\u00e4 k\u00e4sittele<br>rekister\u00f6ityjen henkil\u00f6tunnuksia. Henkil\u00f6tunnus n\u00e4kyy tarvittaessa vain Suomisportpalvelun p\u00e4\u00e4k\u00e4ytt\u00e4j\u00e4lle virhetilanteiden korjaamista varten.<\/p>\n\n\n\n<h3 class=\"wp-block-heading\">Henkil\u00f6tietojen k\u00e4sittely ja k\u00e4ytt\u00f6<\/h3>\n\n\n\n<p><strong>SPORTTITILIN HENKIL\u00d6TIETOJEN K\u00c4YTT\u00d6<\/strong><\/p>\n\n\n\n<p>Seuran p\u00e4\u00e4k\u00e4ytt\u00e4j\u00e4 k\u00e4sittelee tietoja hallinnon ty\u00f6kalujen sek\u00e4 kehitt\u00e4misen ty\u00f6kalujen kautta,<br>mm. laskutusta koskevissa asioissa.<br>Rekister\u00f6ityneet k\u00e4ytt\u00e4j\u00e4t voivat n\u00e4hd\u00e4 ainoastaan oman seuran j\u00e4senten nimet<br>valmennustoimintaan sek\u00e4 harjoitteluun liittyviss\u00e4 asioissa. Laskutukseen liittyv\u00e4t asiat eiv\u00e4t n\u00e4y<br>muille j\u00e4senille.<br>Sporttitilin henkil\u00f6tietojen k\u00e4sittely tapahtuu niiden palveluntarjoajien henkil\u00f6tietojen<br>k\u00e4sittelij\u00f6iden toimesta, joille on my\u00f6nnetty j\u00e4rjestelm\u00e4n k\u00e4ytt\u00f6oikeus. Henkil\u00f6tietojen k\u00e4sittelij\u00e4t<br>saavat k\u00e4ytt\u00f6oikeuden rekister\u00f6idyn tietoihin ainoastaan m\u00e4\u00e4r\u00e4ajaksi, rekister\u00f6idylle asioinnin<br>yhteydess\u00e4 ilmoitettuun lainmukaiseen k\u00e4ytt\u00f6tarkoitukseen. Jokainen henkil\u00f6tietojen<br>k\u00e4sittelij\u00e4 on sitoutettu k\u00e4ytt\u00f6ehdoin Suomisportin k\u00e4ytt\u00f6\u00f6n ja tietosuojaan.<br>Suomisport-palvelun p\u00e4\u00e4k\u00e4ytt\u00e4j\u00e4 k\u00e4sittelee henkil\u00f6tietoja tarvittaessa rekisterin<br>yll\u00e4pitoon sek\u00e4 virhetilanteiden korjaamiseen liittyviss\u00e4 asioissa. Suomisport-palvelu voi k\u00e4ytt\u00e4\u00e4<br>rekister\u00f6ityj\u00e4n henkil\u00f6tietoja informoidakseen rekister\u00f6ityneit\u00e4 itse Suomisportissa tarjolla<br>olevista liikunnallista elintapaa edist\u00e4vist\u00e4 asioista, tavaroista tai palveluista.<\/p>\n\n\n\n<p><strong>SPORTTITILIN K\u00c4YTT\u00d6TIETOJEN K\u00c4YTT\u00d6<\/strong><\/p>\n\n\n\n<p>Sporttitilin henkil\u00f6tietoja ja Suomisport-palvelun asiointitietoja voidaan k\u00e4ytt\u00e4\u00e4 anonymisoituna<br>tilastotietona tutkimus- ja viranomaistarkoituksiin.<\/p>\n\n\n\n<p><strong>TIETOJEN V\u00c4LITTYMINEN<\/strong><\/p>\n\n\n\n<p>Asioidessaan Suomisport-palvelussa rekister\u00f6ityj\u00e4n henkil\u00f6tietoja v\u00e4littyy tai niit\u00e4 k\u00e4ytet\u00e4\u00e4n<br>esimerkiksi vakuutusta hankittaessa tai tietojen siirtyess\u00e4 palvelutarjoajien kilpailuj\u00e4rjestelmiin.<br>Jokaisen tiedon siirtyminen kerrotaan rekister\u00f6ityj\u00e4lle kyseisen palvelun kohdalla erikseen.<br>Rekister\u00f6ityj\u00e4lle informoidaan siten palvelukohtaisesti henkil\u00f6tietojen k\u00e4yt\u00f6st\u00e4 ja k\u00e4sittelyst\u00e4. Jos<br>tietojen k\u00e4yt\u00f6n peruste ei suoraan tule lainmukaisista oikeusperusteista, kysyt\u00e4\u00e4n rekister\u00f6ityj\u00e4lt\u00e4<br>erikseen suostumus tietojen k\u00e4ytt\u00f6\u00f6n, kyseisen palvelun k\u00e4ytt\u00f6tarkoituksen mukaisesti.<\/p>\n\n\n\n<h3 class=\"wp-block-heading\">Palveluntarjoajien sitouttaminen tietosuojaan<\/h3>\n\n\n\n<p>Olympiakomitealla on teknisen toimittajan kanssa toimitussopimus, jossa noudatetaan seuraavien<br>sopimusten mukaisia tietoturvan ja tietosuojan sek\u00e4 henkil\u00f6tietojen k\u00e4sittelyn ehtoja IT2015 YSEyleiset sopimusetoja (kohta 8) ja sopimus IT2015 ETP-erityisehtoja tietoverkon v\u00e4lityksell\u00e4<br>toimitettavista palveluista (kohdat 13 ja 14) sek\u00e4 IT2018 EHK \u2013 yleisehtoja. Toimittaja t\u00e4ytt\u00e4\u00e4 ISO9001 ja ISO-27001 standardit.<br>Maksupalvelujen tarjoajan, Svea Payments Oy:n kanssa noudatetaan palvelun yleisten<br>sopimusehtojen (verkkokauppias), kohdassa 10 Toiminnallisuus ja tietoturva, ehtoja sek\u00e4<br>sopimuksen liitteen ehtoja.<br>Kaikki palvelun tarjoajat eli muut rekisterinpit\u00e4j\u00e4t ja k\u00e4sittelij\u00e4t sitoutetaan sopimuksin<br>Suomisportin tietosuojaperiaatteisiin.<\/p>\n\n\n\n<h3 class=\"wp-block-heading\">Henkil\u00f6tietojen tarkistaminen ja muokkaaminen<\/h3>\n\n\n\n<p>Palveluun rekister\u00f6itynyt k\u00e4ytt\u00e4j\u00e4 n\u00e4kee itse omat tietonsa omalta Sporttitililt\u00e4 ja voi hallinnoida ja<br>yll\u00e4pit\u00e4\u00e4 niit\u00e4. Suomisport-palvelun p\u00e4\u00e4k\u00e4ytt\u00e4j\u00e4 voi muokata tietoja virhetilanteiden korjaamisen<br>yhteydess\u00e4.<\/p>\n\n\n\n<h3 class=\"wp-block-heading\">Omien tietojen poistaminen<\/h3>\n\n\n\n<p>Suomisportin palveluntarjoajilla (lajiliitto, seura) on oikeus rekister\u00f6idyn henkil\u00f6tietojen k\u00e4ytt\u00f6\u00f6n<br>kyseisen palvelun voimassaolon ajan. Voimassaoloaika on palvelun\u202ftoimintakausi lis\u00e4ttyn\u00e4\u202f13<br>kuukauden\u202fsiirtym\u00e4ajalla.\u202fT\u00e4m\u00e4n j\u00e4lkeen\u202fpalvelulla ei ole yhteytt\u00e4 henkil\u00f6n Sporttitiliin.<br>Rekister\u00f6ityj\u00e4n\u202fhenkil\u00f6tiedot j\u00e4\u00e4v\u00e4t Suomisport-palveluun\u202fhenkil\u00f6n<br>omalle\u202fSporttitilille. J\u00e4rjestelm\u00e4 poistaa automaattisesti\u202fsellaisten Sporttitilien henkil\u00f6tiedot,<br>joissa ei ole ollut toimintaa viiteen vuoteen.\u202fRekister\u00f6ityj\u00e4 voi pyyt\u00e4\u00e4 Sporttitilin poistoa<br>siirtym\u00e4aikojen p\u00e4\u00e4tytty\u00e4 osoitteesta: suomisport@olympiakomitea.fi.<\/p>\n","protected":false},"excerpt":{"rendered":"<p>Rekisterinpit\u00e4j\u00e4 Nimi: Kuusamon Pallo-Karhut Lentopallo ryOsoite: Hukanpolku 8; 93600 KUUSAMO Yhteyshenkil\u00f6 rekisteri\u00e4 koskevissa asioissaNimi: Riina Korhonen, riina.korhonen@hotmail.comOsoite: www.pallokarhut.fi\/lentopallo\/ Rekisterin nimi Suomisport-palvelun \/ Kuusamon Pallo-Karhut Lentopallo ry:n oma rekisteri.T\u00e4m\u00e4 tietosuojaseloste koskee Suomisport-palvelua jaseuran k\u00e4sittelemi\u00e4 Sporttitilien tietoja.\u202fT\u00e4ss\u00e4 tietosuojaselosteessa kuvataan, miten seurak\u00e4sittelee rekisterinpit\u00e4j\u00e4n\u00e4 henkil\u00f6iden Sporttitilien tietoja. Rekisterin kuvaus Suomisport on Suomen Olympiakomitean ja suomalaisen urheiluyhteis\u00f6n yhteinen urheilu- jaliikuntapalvelu. [&hellip;]<\/p>\n","protected":false},"author":1,"featured_media":0,"parent":0,"menu_order":0,"comment_status":"closed","ping_status":"closed","template":"","meta":{"footnotes":""},"class_list":["post-3","page","type-page","status-publish","hentry"],"yoast_head":"<!-- This site is optimized with the Yoast SEO plugin v27.1.1 - https:\/\/yoast.com\/product\/yoast-seo-wordpress\/ -->\n<title>Rekisteriseloste - Pallokarhut, lentopallo<\/title>\n<meta name=\"robots\" content=\"index, follow, max-snippet:-1, max-image-preview:large, max-video-preview:-1\" \/>\n<link rel=\"canonical\" href=\"https:\/\/www.pallokarhut.fi\/lentopallo\/rekisteriseloste\/\" \/>\n<meta property=\"og:locale\" content=\"fi_FI\" \/>\n<meta property=\"og:type\" content=\"article\" \/>\n<meta property=\"og:title\" content=\"Rekisteriseloste - Pallokarhut, lentopallo\" \/>\n<meta property=\"og:description\" content=\"Rekisterinpit\u00e4j\u00e4 Nimi: Kuusamon Pallo-Karhut Lentopallo ryOsoite: Hukanpolku 8; 93600 KUUSAMO Yhteyshenkil\u00f6 rekisteri\u00e4 koskevissa asioissaNimi: Riina Korhonen, riina.korhonen@hotmail.comOsoite: www.pallokarhut.fi\/lentopallo\/ Rekisterin nimi Suomisport-palvelun \/ Kuusamon Pallo-Karhut Lentopallo ry:n oma rekisteri.T\u00e4m\u00e4 tietosuojaseloste koskee Suomisport-palvelua jaseuran k\u00e4sittelemi\u00e4 Sporttitilien tietoja.\u202fT\u00e4ss\u00e4 tietosuojaselosteessa kuvataan, miten seurak\u00e4sittelee rekisterinpit\u00e4j\u00e4n\u00e4 henkil\u00f6iden Sporttitilien tietoja. Rekisterin kuvaus Suomisport on Suomen Olympiakomitean ja suomalaisen urheiluyhteis\u00f6n yhteinen urheilu- jaliikuntapalvelu. [&hellip;]\" \/>\n<meta property=\"og:url\" content=\"https:\/\/www.pallokarhut.fi\/lentopallo\/rekisteriseloste\/\" \/>\n<meta property=\"og:site_name\" content=\"Pallokarhut, lentopallo\" \/>\n<meta property=\"article:modified_time\" content=\"2025-09-09T07:21:39+00:00\" \/>\n<meta property=\"og:image\" content=\"https:\/\/www.pallokarhut.fi\/lentopallo\/wp-content\/uploads\/2025\/09\/suomisport.png\" \/>\n\t<meta property=\"og:image:width\" content=\"166\" \/>\n\t<meta property=\"og:image:height\" content=\"21\" \/>\n\t<meta property=\"og:image:type\" content=\"image\/png\" \/>\n<meta name=\"twitter:card\" content=\"summary_large_image\" \/>\n<meta name=\"twitter:label1\" content=\"Arvioitu lukuaika\" \/>\n\t<meta name=\"twitter:data1\" content=\"4 minuuttia\" \/>\n<script type=\"application\/ld+json\" class=\"yoast-schema-graph\">{\"@context\":\"https:\/\/schema.org\",\"@graph\":[{\"@type\":\"WebPage\",\"@id\":\"https:\/\/www.pallokarhut.fi\/lentopallo\/rekisteriseloste\/\",\"url\":\"https:\/\/www.pallokarhut.fi\/lentopallo\/rekisteriseloste\/\",\"name\":\"Rekisteriseloste - Pallokarhut, lentopallo\",\"isPartOf\":{\"@id\":\"https:\/\/www.pallokarhut.fi\/lentopallo\/#website\"},\"primaryImageOfPage\":{\"@id\":\"https:\/\/www.pallokarhut.fi\/lentopallo\/rekisteriseloste\/#primaryimage\"},\"image\":{\"@id\":\"https:\/\/www.pallokarhut.fi\/lentopallo\/rekisteriseloste\/#primaryimage\"},\"thumbnailUrl\":\"https:\/\/www.pallokarhut.fi\/lentopallo\/wp-content\/uploads\/2025\/09\/suomisport.png\",\"datePublished\":\"2022-03-11T09:42:03+00:00\",\"dateModified\":\"2025-09-09T07:21:39+00:00\",\"breadcrumb\":{\"@id\":\"https:\/\/www.pallokarhut.fi\/lentopallo\/rekisteriseloste\/#breadcrumb\"},\"inLanguage\":\"fi\",\"potentialAction\":[{\"@type\":\"ReadAction\",\"target\":[\"https:\/\/www.pallokarhut.fi\/lentopallo\/rekisteriseloste\/\"]}]},{\"@type\":\"ImageObject\",\"inLanguage\":\"fi\",\"@id\":\"https:\/\/www.pallokarhut.fi\/lentopallo\/rekisteriseloste\/#primaryimage\",\"url\":\"https:\/\/www.pallokarhut.fi\/lentopallo\/wp-content\/uploads\/2025\/09\/suomisport.png\",\"contentUrl\":\"https:\/\/www.pallokarhut.fi\/lentopallo\/wp-content\/uploads\/2025\/09\/suomisport.png\",\"width\":166,\"height\":21},{\"@type\":\"BreadcrumbList\",\"@id\":\"https:\/\/www.pallokarhut.fi\/lentopallo\/rekisteriseloste\/#breadcrumb\",\"itemListElement\":[{\"@type\":\"ListItem\",\"position\":1,\"name\":\"Etusivu\",\"item\":\"https:\/\/www.pallokarhut.fi\/lentopallo\/\"},{\"@type\":\"ListItem\",\"position\":2,\"name\":\"Rekisteriseloste\"}]},{\"@type\":\"WebSite\",\"@id\":\"https:\/\/www.pallokarhut.fi\/lentopallo\/#website\",\"url\":\"https:\/\/www.pallokarhut.fi\/lentopallo\/\",\"name\":\"Pallokarhut, lentopallo\",\"description\":\"Lentopalloa Kuusamossa\",\"potentialAction\":[{\"@type\":\"SearchAction\",\"target\":{\"@type\":\"EntryPoint\",\"urlTemplate\":\"https:\/\/www.pallokarhut.fi\/lentopallo\/?s={search_term_string}\"},\"query-input\":{\"@type\":\"PropertyValueSpecification\",\"valueRequired\":true,\"valueName\":\"search_term_string\"}}],\"inLanguage\":\"fi\"}]}<\/script>\n<!-- \/ Yoast SEO plugin. -->","yoast_head_json":{"title":"Rekisteriseloste - Pallokarhut, lentopallo","robots":{"index":"index","follow":"follow","max-snippet":"max-snippet:-1","max-image-preview":"max-image-preview:large","max-video-preview":"max-video-preview:-1"},"canonical":"https:\/\/www.pallokarhut.fi\/lentopallo\/rekisteriseloste\/","og_locale":"fi_FI","og_type":"article","og_title":"Rekisteriseloste - Pallokarhut, lentopallo","og_description":"Rekisterinpit\u00e4j\u00e4 Nimi: Kuusamon Pallo-Karhut Lentopallo ryOsoite: Hukanpolku 8; 93600 KUUSAMO Yhteyshenkil\u00f6 rekisteri\u00e4 koskevissa asioissaNimi: Riina Korhonen, riina.korhonen@hotmail.comOsoite: www.pallokarhut.fi\/lentopallo\/ Rekisterin nimi Suomisport-palvelun \/ Kuusamon Pallo-Karhut Lentopallo ry:n oma rekisteri.T\u00e4m\u00e4 tietosuojaseloste koskee Suomisport-palvelua jaseuran k\u00e4sittelemi\u00e4 Sporttitilien tietoja.\u202fT\u00e4ss\u00e4 tietosuojaselosteessa kuvataan, miten seurak\u00e4sittelee rekisterinpit\u00e4j\u00e4n\u00e4 henkil\u00f6iden Sporttitilien tietoja. Rekisterin kuvaus Suomisport on Suomen Olympiakomitean ja suomalaisen urheiluyhteis\u00f6n yhteinen urheilu- jaliikuntapalvelu. [&hellip;]","og_url":"https:\/\/www.pallokarhut.fi\/lentopallo\/rekisteriseloste\/","og_site_name":"Pallokarhut, lentopallo","article_modified_time":"2025-09-09T07:21:39+00:00","og_image":[{"width":166,"height":21,"url":"https:\/\/www.pallokarhut.fi\/lentopallo\/wp-content\/uploads\/2025\/09\/suomisport.png","type":"image\/png"}],"twitter_card":"summary_large_image","twitter_misc":{"Arvioitu lukuaika":"4 minuuttia"},"schema":{"@context":"https:\/\/schema.org","@graph":[{"@type":"WebPage","@id":"https:\/\/www.pallokarhut.fi\/lentopallo\/rekisteriseloste\/","url":"https:\/\/www.pallokarhut.fi\/lentopallo\/rekisteriseloste\/","name":"Rekisteriseloste - Pallokarhut, lentopallo","isPartOf":{"@id":"https:\/\/www.pallokarhut.fi\/lentopallo\/#website"},"primaryImageOfPage":{"@id":"https:\/\/www.pallokarhut.fi\/lentopallo\/rekisteriseloste\/#primaryimage"},"image":{"@id":"https:\/\/www.pallokarhut.fi\/lentopallo\/rekisteriseloste\/#primaryimage"},"thumbnailUrl":"https:\/\/www.pallokarhut.fi\/lentopallo\/wp-content\/uploads\/2025\/09\/suomisport.png","datePublished":"2022-03-11T09:42:03+00:00","dateModified":"2025-09-09T07:21:39+00:00","breadcrumb":{"@id":"https:\/\/www.pallokarhut.fi\/lentopallo\/rekisteriseloste\/#breadcrumb"},"inLanguage":"fi","potentialAction":[{"@type":"ReadAction","target":["https:\/\/www.pallokarhut.fi\/lentopallo\/rekisteriseloste\/"]}]},{"@type":"ImageObject","inLanguage":"fi","@id":"https:\/\/www.pallokarhut.fi\/lentopallo\/rekisteriseloste\/#primaryimage","url":"https:\/\/www.pallokarhut.fi\/lentopallo\/wp-content\/uploads\/2025\/09\/suomisport.png","contentUrl":"https:\/\/www.pallokarhut.fi\/lentopallo\/wp-content\/uploads\/2025\/09\/suomisport.png","width":166,"height":21},{"@type":"BreadcrumbList","@id":"https:\/\/www.pallokarhut.fi\/lentopallo\/rekisteriseloste\/#breadcrumb","itemListElement":[{"@type":"ListItem","position":1,"name":"Etusivu","item":"https:\/\/www.pallokarhut.fi\/lentopallo\/"},{"@type":"ListItem","position":2,"name":"Rekisteriseloste"}]},{"@type":"WebSite","@id":"https:\/\/www.pallokarhut.fi\/lentopallo\/#website","url":"https:\/\/www.pallokarhut.fi\/lentopallo\/","name":"Pallokarhut, lentopallo","description":"Lentopalloa Kuusamossa","potentialAction":[{"@type":"SearchAction","target":{"@type":"EntryPoint","urlTemplate":"https:\/\/www.pallokarhut.fi\/lentopallo\/?s={search_term_string}"},"query-input":{"@type":"PropertyValueSpecification","valueRequired":true,"valueName":"search_term_string"}}],"inLanguage":"fi"}]}},"_links":{"self":[{"href":"https:\/\/www.pallokarhut.fi\/lentopallo\/wp-json\/wp\/v2\/pages\/3","targetHints":{"allow":["GET"]}}],"collection":[{"href":"https:\/\/www.pallokarhut.fi\/lentopallo\/wp-json\/wp\/v2\/pages"}],"about":[{"href":"https:\/\/www.pallokarhut.fi\/lentopallo\/wp-json\/wp\/v2\/types\/page"}],"author":[{"embeddable":true,"href":"https:\/\/www.pallokarhut.fi\/lentopallo\/wp-json\/wp\/v2\/users\/1"}],"replies":[{"embeddable":true,"href":"https:\/\/www.pallokarhut.fi\/lentopallo\/wp-json\/wp\/v2\/comments?post=3"}],"version-history":[{"count":2,"href":"https:\/\/www.pallokarhut.fi\/lentopallo\/wp-json\/wp\/v2\/pages\/3\/revisions"}],"predecessor-version":[{"id":4085,"href":"https:\/\/www.pallokarhut.fi\/lentopallo\/wp-json\/wp\/v2\/pages\/3\/revisions\/4085"}],"wp:attachment":[{"href":"https:\/\/www.pallokarhut.fi\/lentopallo\/wp-json\/wp\/v2\/media?parent=3"}],"curies":[{"name":"wp","href":"https:\/\/api.w.org\/{rel}","templated":true}]}}