{"id":28,"date":"2011-09-09T18:40:54","date_gmt":"2011-09-09T15:40:54","guid":{"rendered":"http:\/\/www.pallokarhut.fi\/lentopallo\/?p=28"},"modified":"2023-10-08T13:27:39","modified_gmt":"2023-10-08T10:27:39","slug":"tiikerit","status":"publish","type":"page","link":"https:\/\/www.pallokarhut.fi\/lentopallo\/lentopallojuniorit\/tiikerit\/","title":{"rendered":"Tiikerit"},"content":{"rendered":"<p><img decoding=\"async\" src=\"https:\/\/polkkykuusamo.kuvat.fi\/kuvat\/PAKA%20Lentopallo%20juniorit\/PAKA%20juniorit%20kausi%202023-2024\/Tiikerit\/Paka_Tiikerit_joukkue2023-1.jpg?img=img2048\" alt=\"\"><\/p>\n<h1>Tiikerit<\/h1>\n<div>\n<p>Tiikerit: Haapasalo Aino<br \/>Hanhela Lucas<br \/>Hautam\u00e4ki Aatos<br \/>Heikkil\u00e4 Iisa<br \/>Heikkil\u00e4 Lauri<br \/>Hentil\u00e4 Leo<br \/>Jasu Iisak<br \/>Jasu Luukas<br \/>Kallunki Kasper<br \/>Kallunki Lenni<br \/>K\u00e4kilehto Alina<br \/>Mouruj\u00e4rvi Riku<br \/>Mouruj\u00e4rvi Saku<br \/>Niemel\u00e4 Sohvi<br \/>Piirainen Melinda<br \/>Ronkainen Pietu<br \/>Suoraj\u00e4rvi Veikko<br \/>Tornberg Viljami<br \/>T\u00f6rm\u00e4nen Iisa<\/p>\n<\/div>\n<div>\n<\/div>\n<h4>Uutiset<\/h4>\n<div>\n<\/div>\n<p><!--more--><br \/>\n<!-- {\"type\":\"layout\",\"children\":[{\"type\":\"section\",\"props\":{\"animation\":\"slide-left\",\"animation_delay\":\"200\",\"image_position\":\"center-center\",\"padding\":\"none\",\"style\":\"default\",\"title_breakpoint\":\"xl\",\"title_position\":\"top-left\",\"title_rotation\":\"left\",\"vertical_align\":\"middle\",\"width\":\"\"},\"children\":[{\"type\":\"row\",\"props\":{\"column_gap\":\"collapse\",\"layout\":\"2-3,1-3\",\"row_gap\":\"collapse\"},\"children\":[{\"type\":\"column\",\"props\":{\"image_position\":\"center-center\",\"padding\":\"none\",\"position_sticky_breakpoint\":\"m\",\"style\":\"tile-default\",\"vertical_align\":\"middle\",\"width_medium\":\"2-3\"},\"children\":[{\"type\":\"image\",\"props\":{\"image\":\"https:\\\/\\\/polkkykuusamo.kuvat.fi\\\/kuvat\\\/PAKA%20Lentopallo%20juniorit\\\/PAKA%20juniorit%20kausi%202023-2024\\\/Tiikerit\\\/Paka_Tiikerit_joukkue2023-1.jpg?img=img2048\",\"image_height\":\"700\",\"image_svg_color\":\"emphasis\",\"image_width\":\"1200\",\"margin\":\"default\"}}]},{\"type\":\"column\",\"props\":{\"image\":\"wp-content\\\/uploads\\\/2022\\\/03\\\/sininentausta.jpg\",\"image_position\":\"center-center\",\"image_size\":\"cover\",\"padding\":\"xsmall\",\"position_sticky_breakpoint\":\"m\",\"style\":\"tile-secondary\",\"vertical_align\":\"middle\",\"width_medium\":\"1-3\"},\"children\":[{\"type\":\"headline\",\"props\":{\"content\":\"Tiikerit\",\"title_element\":\"h1\",\"title_style\":\"heading-small\"}},{\"type\":\"text\",\"props\":{\"column_breakpoint\":\"m\",\"content\":\"\n\n<p>Tiikerit: Haapasalo Aino<br \\\/>Hanhela Lucas<br \\\/>Hautam\\u00e4ki Aatos<br \\\/>Heikkil\\u00e4 Iisa<br \\\/>Heikkil\\u00e4 Lauri<br \\\/>Hentil\\u00e4 Leo<br \\\/>Jasu Iisak<br \\\/>Jasu Luukas<br \\\/>Kallunki Kasper<br \\\/>Kallunki Lenni<br \\\/>K\\u00e4kilehto Alina<br \\\/>Mouruj\\u00e4rvi Riku<br \\\/>Mouruj\\u00e4rvi Saku<br \\\/>Niemel\\u00e4 Sohvi<br \\\/>Piirainen Melinda<br \\\/>Ronkainen Pietu<br \\\/>Suoraj\\u00e4rvi Veikko<br \\\/>Tornberg Viljami<br \\\/>T\\u00f6rm\\u00e4nen Iisa<\\\/p>\",\"margin\":\"default\"}},{\"type\":\"grid\",\"props\":{\"content_column_breakpoint\":\"m\",\"filter_align\":\"left\",\"filter_all\":true,\"filter_grid_breakpoint\":\"m\",\"filter_grid_width\":\"auto\",\"filter_position\":\"top\",\"filter_style\":\"tab\",\"grid_default\":\"1\",\"grid_medium\":\"\",\"icon_width\":80,\"image_align\":\"top\",\"image_grid_breakpoint\":\"m\",\"image_grid_width\":\"1-2\",\"image_svg_color\":\"emphasis\",\"item_animation\":true,\"link_style\":\"default\",\"link_text\":\"Read more\",\"margin\":\"default\",\"meta_align\":\"below-title\",\"meta_element\":\"div\",\"meta_style\":\"text-meta\",\"parallax_easing\":\"1\",\"show_content\":true,\"show_image\":true,\"show_link\":true,\"show_meta\":true,\"show_title\":true,\"title_align\":\"top\",\"title_element\":\"h3\",\"title_grid_breakpoint\":\"m\",\"title_grid_width\":\"1-2\",\"title_hover_style\":\"reset\",\"title_style\":\"h1\"},\"children\":[{\"type\":\"grid_item\",\"props\":{\"title\":\"\"},\"source\":{\"query\":{\"name\":\"posts.customPost\",\"arguments\":{\"terms\":[],\"category_operator\":\"IN\",\"post_tag_operator\":\"IN\",\"users\":[],\"users_operator\":\"IN\",\"offset\":0,\"order\":\"date\",\"order_direction\":\"DESC\",\"id\":1203}},\"props\":{\"content\":{\"filters\":{\"search\":\"\"},\"arguments\":{\"show_intro_text\":true},\"name\":\"content\"}}}}]}]}]}]},{\"type\":\"section\",\"props\":{\"image_position\":\"center-center\",\"style\":\"muted\",\"title_breakpoint\":\"xl\",\"title_position\":\"top-left\",\"title_rotation\":\"left\",\"vertical_align\":\"middle\",\"width\":\"default\"},\"children\":[{\"type\":\"row\",\"props\":{\"divider\":true,\"layout\":\"2-3,1-3\"},\"children\":[{\"type\":\"column\",\"props\":{\"image_position\":\"center-center\",\"position_sticky_breakpoint\":\"m\",\"width_medium\":\"2-3\"},\"children\":[{\"type\":\"text\",\"props\":{\"column_breakpoint\":\"m\",\"css\":\"\\ntd {\\n   vertical-align: top;\\n   padding: 10px 0 20px 10px;\\n}\\nth {\\n    text-align: left;\\n    padding: 0 0 20px 10px;\\n}\",\"margin\":\"default\"},\"source\":{\"query\":{\"name\":\"pages.customPage\",\"arguments\":{\"users\":[],\"users_operator\":\"IN\",\"offset\":0,\"order\":\"date\",\"order_direction\":\"DESC\",\"id\":22}},\"props\":{\"content\":{\"filters\":{\"search\":\"\"},\"arguments\":{\"show_intro_text\":true},\"name\":\"content\"}}},\"name\":\"salivuorot\"}]},{\"type\":\"column\",\"props\":{\"image_position\":\"center-center\",\"position_sticky_breakpoint\":\"m\",\"width_medium\":\"1-3\"},\"children\":[{\"type\":\"headline\",\"props\":{\"content\":\"Uutiset\",\"title_element\":\"h4\",\"title_style\":\"h1\"}},{\"type\":\"grid\",\"props\":{\"content_column_breakpoint\":\"m\",\"content_margin\":\"remove\",\"filter_align\":\"left\",\"filter_all\":true,\"filter_grid_breakpoint\":\"m\",\"filter_grid_width\":\"auto\",\"filter_position\":\"top\",\"filter_style\":\"tab\",\"grid_default\":\"1\",\"grid_medium\":\"\",\"icon_width\":80,\"image_align\":\"top\",\"image_grid_breakpoint\":\"m\",\"image_grid_width\":\"1-2\",\"image_svg_color\":\"emphasis\",\"item_animation\":true,\"link_margin\":\"remove\",\"link_style\":\"text\",\"link_text\":\"\",\"margin\":\"default\",\"meta_align\":\"below-title\",\"meta_element\":\"div\",\"meta_margin\":\"remove\",\"meta_style\":\"text-meta\",\"panel_link\":true,\"parallax_easing\":\"1\",\"show_content\":true,\"show_image\":true,\"show_link\":true,\"show_meta\":true,\"show_title\":true,\"title_align\":\"top\",\"title_element\":\"h3\",\"title_grid_breakpoint\":\"m\",\"title_grid_width\":\"1-2\",\"title_hover_style\":\"reset\",\"title_margin\":\"small\",\"title_style\":\"h5\"},\"children\":[{\"type\":\"grid_item\",\"source\":{\"query\":{\"name\":\"posts.customPosts\",\"arguments\":{\"terms\":[22,7,2,14],\"category_operator\":\"IN\",\"post_tag_operator\":\"IN\",\"users\":[],\"users_operator\":\"IN\",\"offset\":0,\"limit\":4,\"order\":\"date\",\"order_direction\":\"DESC\"}},\"props\":{\"title\":{\"filters\":{\"search\":\"\"},\"name\":\"title\"},\"meta\":{\"filters\":{\"search\":\"\",\"date\":\"\"},\"name\":\"date\"},\"content\":{\"filters\":{\"search\":\"\",\"limit\":80},\"arguments\":{\"show_intro_text\":true},\"name\":\"content\"},\"link\":{\"filters\":{\"search\":\"\"},\"name\":\"link\"}}}}]}]}]}]}],\"version\":\"4.0.13\",\"yooessentialsVersion\":\"2.0.15\"} --><\/p>\n","protected":false},"excerpt":{"rendered":"<p>Tiikerit Tiikerit: Haapasalo AinoHanhela LucasHautam\u00e4ki AatosHeikkil\u00e4 IisaHeikkil\u00e4 LauriHentil\u00e4 LeoJasu IisakJasu LuukasKallunki KasperKallunki LenniK\u00e4kilehto AlinaMouruj\u00e4rvi RikuMouruj\u00e4rvi SakuNiemel\u00e4 SohviPiirainen MelindaRonkainen PietuSuoraj\u00e4rvi VeikkoTornberg ViljamiT\u00f6rm\u00e4nen Iisa Uutiset<\/p>\n","protected":false},"author":1,"featured_media":0,"parent":16,"menu_order":6,"comment_status":"closed","ping_status":"closed","template":"","meta":{"footnotes":""},"class_list":["post-28","page","type-page","status-publish","hentry"],"yoast_head":"<!-- This site is optimized with the Yoast SEO plugin v27.4 - https:\/\/yoast.com\/product\/yoast-seo-wordpress\/ -->\n<title>Tiikerit - Pallokarhut, lentopallo<\/title>\n<meta name=\"robots\" content=\"index, follow, max-snippet:-1, max-image-preview:large, max-video-preview:-1\" \/>\n<link rel=\"canonical\" href=\"https:\/\/www.pallokarhut.fi\/lentopallo\/lentopallojuniorit\/tiikerit\/\" \/>\n<meta property=\"og:locale\" content=\"fi_FI\" \/>\n<meta property=\"og:type\" content=\"article\" \/>\n<meta property=\"og:title\" content=\"Tiikerit - Pallokarhut, lentopallo\" \/>\n<meta property=\"og:description\" content=\"Tiikerit Tiikerit: Haapasalo AinoHanhela LucasHautam\u00e4ki AatosHeikkil\u00e4 IisaHeikkil\u00e4 LauriHentil\u00e4 LeoJasu IisakJasu LuukasKallunki KasperKallunki LenniK\u00e4kilehto AlinaMouruj\u00e4rvi RikuMouruj\u00e4rvi SakuNiemel\u00e4 SohviPiirainen MelindaRonkainen PietuSuoraj\u00e4rvi VeikkoTornberg ViljamiT\u00f6rm\u00e4nen Iisa Uutiset\" \/>\n<meta property=\"og:url\" content=\"https:\/\/www.pallokarhut.fi\/lentopallo\/lentopallojuniorit\/tiikerit\/\" \/>\n<meta property=\"og:site_name\" content=\"Pallokarhut, lentopallo\" \/>\n<meta property=\"article:modified_time\" content=\"2023-10-08T10:27:39+00:00\" \/>\n<meta property=\"og:image\" content=\"https:\/\/polkkykuusamo.kuvat.fi\/kuvat\/PAKA%20Lentopallo%20juniorit\/PAKA%20juniorit%20kausi%202023-2024\/Tiikerit\/Paka_Tiikerit_joukkue2023-1.jpg?img=img2048\" \/>\n<meta name=\"twitter:card\" content=\"summary_large_image\" \/>\n<meta name=\"twitter:label1\" content=\"Arvioitu lukuaika\" \/>\n\t<meta name=\"twitter:data1\" content=\"1 minuutti\" \/>\n<script type=\"application\/ld+json\" class=\"yoast-schema-graph\">{\"@context\":\"https:\\\/\\\/schema.org\",\"@graph\":[{\"@type\":\"WebPage\",\"@id\":\"https:\\\/\\\/www.pallokarhut.fi\\\/lentopallo\\\/lentopallojuniorit\\\/tiikerit\\\/\",\"url\":\"https:\\\/\\\/www.pallokarhut.fi\\\/lentopallo\\\/lentopallojuniorit\\\/tiikerit\\\/\",\"name\":\"Tiikerit - Pallokarhut, lentopallo\",\"isPartOf\":{\"@id\":\"https:\\\/\\\/www.pallokarhut.fi\\\/lentopallo\\\/#website\"},\"primaryImageOfPage\":{\"@id\":\"https:\\\/\\\/www.pallokarhut.fi\\\/lentopallo\\\/lentopallojuniorit\\\/tiikerit\\\/#primaryimage\"},\"image\":{\"@id\":\"https:\\\/\\\/www.pallokarhut.fi\\\/lentopallo\\\/lentopallojuniorit\\\/tiikerit\\\/#primaryimage\"},\"thumbnailUrl\":\"https:\\\/\\\/polkkykuusamo.kuvat.fi\\\/kuvat\\\/PAKA%20Lentopallo%20juniorit\\\/PAKA%20juniorit%20kausi%202023-2024\\\/Tiikerit\\\/Paka_Tiikerit_joukkue2023-1.jpg?img=img2048\",\"datePublished\":\"2011-09-09T15:40:54+00:00\",\"dateModified\":\"2023-10-08T10:27:39+00:00\",\"breadcrumb\":{\"@id\":\"https:\\\/\\\/www.pallokarhut.fi\\\/lentopallo\\\/lentopallojuniorit\\\/tiikerit\\\/#breadcrumb\"},\"inLanguage\":\"fi\",\"potentialAction\":[{\"@type\":\"ReadAction\",\"target\":[\"https:\\\/\\\/www.pallokarhut.fi\\\/lentopallo\\\/lentopallojuniorit\\\/tiikerit\\\/\"]}]},{\"@type\":\"ImageObject\",\"inLanguage\":\"fi\",\"@id\":\"https:\\\/\\\/www.pallokarhut.fi\\\/lentopallo\\\/lentopallojuniorit\\\/tiikerit\\\/#primaryimage\",\"url\":\"https:\\\/\\\/polkkykuusamo.kuvat.fi\\\/kuvat\\\/PAKA%20Lentopallo%20juniorit\\\/PAKA%20juniorit%20kausi%202023-2024\\\/Tiikerit\\\/Paka_Tiikerit_joukkue2023-1.jpg?img=img2048\",\"contentUrl\":\"https:\\\/\\\/polkkykuusamo.kuvat.fi\\\/kuvat\\\/PAKA%20Lentopallo%20juniorit\\\/PAKA%20juniorit%20kausi%202023-2024\\\/Tiikerit\\\/Paka_Tiikerit_joukkue2023-1.jpg?img=img2048\"},{\"@type\":\"BreadcrumbList\",\"@id\":\"https:\\\/\\\/www.pallokarhut.fi\\\/lentopallo\\\/lentopallojuniorit\\\/tiikerit\\\/#breadcrumb\",\"itemListElement\":[{\"@type\":\"ListItem\",\"position\":1,\"name\":\"Etusivu\",\"item\":\"https:\\\/\\\/www.pallokarhut.fi\\\/lentopallo\\\/\"},{\"@type\":\"ListItem\",\"position\":2,\"name\":\"Lentopallojuniorit\",\"item\":\"https:\\\/\\\/www.pallokarhut.fi\\\/lentopallo\\\/lentopallojuniorit\\\/\"},{\"@type\":\"ListItem\",\"position\":3,\"name\":\"Tiikerit\"}]},{\"@type\":\"WebSite\",\"@id\":\"https:\\\/\\\/www.pallokarhut.fi\\\/lentopallo\\\/#website\",\"url\":\"https:\\\/\\\/www.pallokarhut.fi\\\/lentopallo\\\/\",\"name\":\"Pallokarhut, lentopallo\",\"description\":\"Lentopalloa Kuusamossa\",\"potentialAction\":[{\"@type\":\"SearchAction\",\"target\":{\"@type\":\"EntryPoint\",\"urlTemplate\":\"https:\\\/\\\/www.pallokarhut.fi\\\/lentopallo\\\/?s={search_term_string}\"},\"query-input\":{\"@type\":\"PropertyValueSpecification\",\"valueRequired\":true,\"valueName\":\"search_term_string\"}}],\"inLanguage\":\"fi\"}]}<\/script>\n<!-- \/ Yoast SEO plugin. -->","yoast_head_json":{"title":"Tiikerit - Pallokarhut, lentopallo","robots":{"index":"index","follow":"follow","max-snippet":"max-snippet:-1","max-image-preview":"max-image-preview:large","max-video-preview":"max-video-preview:-1"},"canonical":"https:\/\/www.pallokarhut.fi\/lentopallo\/lentopallojuniorit\/tiikerit\/","og_locale":"fi_FI","og_type":"article","og_title":"Tiikerit - Pallokarhut, lentopallo","og_description":"Tiikerit Tiikerit: Haapasalo AinoHanhela LucasHautam\u00e4ki AatosHeikkil\u00e4 IisaHeikkil\u00e4 LauriHentil\u00e4 LeoJasu IisakJasu LuukasKallunki KasperKallunki LenniK\u00e4kilehto AlinaMouruj\u00e4rvi RikuMouruj\u00e4rvi SakuNiemel\u00e4 SohviPiirainen MelindaRonkainen PietuSuoraj\u00e4rvi VeikkoTornberg ViljamiT\u00f6rm\u00e4nen Iisa Uutiset","og_url":"https:\/\/www.pallokarhut.fi\/lentopallo\/lentopallojuniorit\/tiikerit\/","og_site_name":"Pallokarhut, lentopallo","article_modified_time":"2023-10-08T10:27:39+00:00","og_image":[{"url":"https:\/\/polkkykuusamo.kuvat.fi\/kuvat\/PAKA%20Lentopallo%20juniorit\/PAKA%20juniorit%20kausi%202023-2024\/Tiikerit\/Paka_Tiikerit_joukkue2023-1.jpg?img=img2048","type":"","width":"","height":""}],"twitter_card":"summary_large_image","twitter_misc":{"Arvioitu lukuaika":"1 minuutti"},"schema":{"@context":"https:\/\/schema.org","@graph":[{"@type":"WebPage","@id":"https:\/\/www.pallokarhut.fi\/lentopallo\/lentopallojuniorit\/tiikerit\/","url":"https:\/\/www.pallokarhut.fi\/lentopallo\/lentopallojuniorit\/tiikerit\/","name":"Tiikerit - Pallokarhut, lentopallo","isPartOf":{"@id":"https:\/\/www.pallokarhut.fi\/lentopallo\/#website"},"primaryImageOfPage":{"@id":"https:\/\/www.pallokarhut.fi\/lentopallo\/lentopallojuniorit\/tiikerit\/#primaryimage"},"image":{"@id":"https:\/\/www.pallokarhut.fi\/lentopallo\/lentopallojuniorit\/tiikerit\/#primaryimage"},"thumbnailUrl":"https:\/\/polkkykuusamo.kuvat.fi\/kuvat\/PAKA%20Lentopallo%20juniorit\/PAKA%20juniorit%20kausi%202023-2024\/Tiikerit\/Paka_Tiikerit_joukkue2023-1.jpg?img=img2048","datePublished":"2011-09-09T15:40:54+00:00","dateModified":"2023-10-08T10:27:39+00:00","breadcrumb":{"@id":"https:\/\/www.pallokarhut.fi\/lentopallo\/lentopallojuniorit\/tiikerit\/#breadcrumb"},"inLanguage":"fi","potentialAction":[{"@type":"ReadAction","target":["https:\/\/www.pallokarhut.fi\/lentopallo\/lentopallojuniorit\/tiikerit\/"]}]},{"@type":"ImageObject","inLanguage":"fi","@id":"https:\/\/www.pallokarhut.fi\/lentopallo\/lentopallojuniorit\/tiikerit\/#primaryimage","url":"https:\/\/polkkykuusamo.kuvat.fi\/kuvat\/PAKA%20Lentopallo%20juniorit\/PAKA%20juniorit%20kausi%202023-2024\/Tiikerit\/Paka_Tiikerit_joukkue2023-1.jpg?img=img2048","contentUrl":"https:\/\/polkkykuusamo.kuvat.fi\/kuvat\/PAKA%20Lentopallo%20juniorit\/PAKA%20juniorit%20kausi%202023-2024\/Tiikerit\/Paka_Tiikerit_joukkue2023-1.jpg?img=img2048"},{"@type":"BreadcrumbList","@id":"https:\/\/www.pallokarhut.fi\/lentopallo\/lentopallojuniorit\/tiikerit\/#breadcrumb","itemListElement":[{"@type":"ListItem","position":1,"name":"Etusivu","item":"https:\/\/www.pallokarhut.fi\/lentopallo\/"},{"@type":"ListItem","position":2,"name":"Lentopallojuniorit","item":"https:\/\/www.pallokarhut.fi\/lentopallo\/lentopallojuniorit\/"},{"@type":"ListItem","position":3,"name":"Tiikerit"}]},{"@type":"WebSite","@id":"https:\/\/www.pallokarhut.fi\/lentopallo\/#website","url":"https:\/\/www.pallokarhut.fi\/lentopallo\/","name":"Pallokarhut, lentopallo","description":"Lentopalloa Kuusamossa","potentialAction":[{"@type":"SearchAction","target":{"@type":"EntryPoint","urlTemplate":"https:\/\/www.pallokarhut.fi\/lentopallo\/?s={search_term_string}"},"query-input":{"@type":"PropertyValueSpecification","valueRequired":true,"valueName":"search_term_string"}}],"inLanguage":"fi"}]}},"_links":{"self":[{"href":"https:\/\/www.pallokarhut.fi\/lentopallo\/wp-json\/wp\/v2\/pages\/28","targetHints":{"allow":["GET"]}}],"collection":[{"href":"https:\/\/www.pallokarhut.fi\/lentopallo\/wp-json\/wp\/v2\/pages"}],"about":[{"href":"https:\/\/www.pallokarhut.fi\/lentopallo\/wp-json\/wp\/v2\/types\/page"}],"author":[{"embeddable":true,"href":"https:\/\/www.pallokarhut.fi\/lentopallo\/wp-json\/wp\/v2\/users\/1"}],"replies":[{"embeddable":true,"href":"https:\/\/www.pallokarhut.fi\/lentopallo\/wp-json\/wp\/v2\/comments?post=28"}],"version-history":[{"count":20,"href":"https:\/\/www.pallokarhut.fi\/lentopallo\/wp-json\/wp\/v2\/pages\/28\/revisions"}],"predecessor-version":[{"id":3181,"href":"https:\/\/www.pallokarhut.fi\/lentopallo\/wp-json\/wp\/v2\/pages\/28\/revisions\/3181"}],"up":[{"embeddable":true,"href":"https:\/\/www.pallokarhut.fi\/lentopallo\/wp-json\/wp\/v2\/pages\/16"}],"wp:attachment":[{"href":"https:\/\/www.pallokarhut.fi\/lentopallo\/wp-json\/wp\/v2\/media?parent=28"}],"curies":[{"name":"wp","href":"https:\/\/api.w.org\/{rel}","templated":true}]}}