{"id":20,"date":"2011-08-11T10:27:14","date_gmt":"2011-08-11T07:27:14","guid":{"rendered":"http:\/\/www.pallokarhut.fi\/lentopallo\/?p=20"},"modified":"2025-08-11T22:26:34","modified_gmt":"2025-08-11T19:26:34","slug":"yhteystiedot","status":"publish","type":"page","link":"https:\/\/www.pallokarhut.fi\/lentopallo\/yhteystiedot\/","title":{"rendered":"Yhteystiedot"},"content":{"rendered":"<h1>Pallo-Karhut, lentopallo &#8211; yhteystiedot<\/h1>\n<h3>Hallitus<\/h3>\n<div>\n<p><strong>Puheenjohtaja<\/strong>\u00a0<br \/>Tarmo Ronkainen<br \/><a href=\"tel:+358405403950\">040 540 3950<\/a><br \/>paka.lentopallo(at)hotmail.com<\/p>\n<p><strong>J\u00e4senet<\/strong><br \/>Riina Korhonen<br \/><a href=\"tel:+358405157931\">040 515 7931<\/a><br \/>riina.korhonen(at)hotmail.com<\/p>\n<p>Venla Huurne<br \/>huurnevenla(at)gmail.com<\/p>\n<p>Jari Vetel\u00e4inen<br \/>jari.p.vetelainen(at)gmail.com<\/p>\n<p>Ida Hentil\u00e4<br \/>hentila.ida(at)gmail.com<\/p>\n<p>Jarmo Korva<br \/><a href=\"tel:+358400416421\">0400 416 421<\/a><br \/>jarmo.korva(at)gmail.com<\/p>\n<p><strong>Markkinointi<\/strong><br \/>Arttu Ronkainen<br \/><a href=\"tel:+358400176106\">040 4140137<\/a><br \/>polkkykuusamo(at)pallokarhut.fi<\/p>\n<\/div>\n<h3>Joukkueet<\/h3>\n<div>\n<\/div>\n<h3>Juniorijaosto<\/h3>\n<div>\n<p><strong>Puheenjohtaja<\/strong>\u00a0<br \/>Venla Huurne<br \/>huurnevenla(at)gmail.com<\/p>\n<p><strong>J\u00e4senet<\/strong><br \/>Riina Korhonen (seuran hallitus)<br \/><a href=\"tel:+358405157931\">040 515 7931<\/a><br \/>riina.korhonen(at)hotmail.com<\/p>\n<p>(C-ik\u00e4iset)<\/p>\n<p>(D-ik\u00e4iset)<\/p>\n<p>(E -ik\u00e4iset)<\/p>\n<p>(F -ik\u00e4iset)<\/p>\n<p>(Tiikerit 5 &#8211; 6)<\/p>\n<p>(Tiikerit 3 &#8211; 4)<\/p>\n<\/p>\n<\/div>\n<p><!--more--><br \/>\n<!-- {\"type\":\"layout\",\"children\":[{\"type\":\"section\",\"props\":{\"image_position\":\"center-center\",\"style\":\"default\",\"title_breakpoint\":\"xl\",\"title_position\":\"top-left\",\"title_rotation\":\"left\",\"vertical_align\":\"\",\"width\":\"small\"},\"children\":[{\"type\":\"row\",\"children\":[{\"type\":\"column\",\"props\":{\"image_position\":\"center-center\",\"position_sticky_breakpoint\":\"m\"},\"children\":[{\"type\":\"headline\",\"props\":{\"content\":\"Pallo-Karhut, lentopallo - yhteystiedot\",\"title_element\":\"h1\"}}]}]},{\"type\":\"row\",\"props\":{\"layout\":\"1-2,1-2\"},\"children\":[{\"type\":\"column\",\"props\":{\"image_position\":\"center-center\",\"position_sticky_breakpoint\":\"m\",\"width_medium\":\"1-2\",\"width_small\":\"1-2\"},\"children\":[{\"type\":\"headline\",\"props\":{\"content\":\"Hallitus\",\"title_decoration\":\"line\",\"title_element\":\"h3\",\"title_style\":\"h3\"}},{\"type\":\"text\",\"props\":{\"column_breakpoint\":\"m\",\"content\":\"\n\n<p><strong>Puheenjohtaja<\\\/strong>\\u00a0<br \\\/>Tarmo Ronkainen<br \\\/><a href=\\\"tel:+358405403950\\\">040 540 3950<\\\/a><br \\\/>paka.lentopallo(at)hotmail.com<\\\/p>\\n\n\n<p><strong>J\\u00e4senet<\\\/strong><br \\\/>Riina Korhonen<br \\\/><a href=\\\"tel:+358405157931\\\">040 515 7931<\\\/a><br \\\/>riina.korhonen(at)hotmail.com<\\\/p>\\n\n\n<p>Venla Huurne<br \\\/>huurnevenla(at)gmail.com<\\\/p>\\n\n\n<p>Jari Vetel\\u00e4inen<br \\\/>jari.p.vetelainen(at)gmail.com<\\\/p>\\n\n\n<p>Ida Hentil\\u00e4<br \\\/>hentila.ida(at)gmail.com<\\\/p>\\n\n\n<p>Jarmo Korva<br \\\/><a href=\\\"tel:+358400416421\\\">0400 416 421<\\\/a><br \\\/>jarmo.korva(at)gmail.com<\\\/p>\\n\n\n<p><strong>Markkinointi<\\\/strong><br \\\/>Arttu Ronkainen<br \\\/><a href=\\\"tel:+358400176106\\\">040 4140137<\\\/a><br \\\/>polkkykuusamo(at)pallokarhut.fi<\\\/p>\",\"margin\":\"default\"}}]},{\"type\":\"column\",\"props\":{\"image_position\":\"center-center\",\"position_sticky_breakpoint\":\"m\",\"width_medium\":\"1-2\",\"width_small\":\"1-2\"},\"children\":[{\"type\":\"headline\",\"props\":{\"content\":\"Joukkueet\",\"title_decoration\":\"line\",\"title_element\":\"h3\",\"title_style\":\"h3\"}},{\"type\":\"grid\",\"props\":{\"content_column_breakpoint\":\"m\",\"content_margin\":\"remove\",\"filter_align\":\"left\",\"filter_all\":true,\"filter_grid_breakpoint\":\"m\",\"filter_grid_width\":\"auto\",\"filter_position\":\"top\",\"filter_style\":\"tab\",\"grid_default\":\"1\",\"grid_medium\":\"\",\"icon_width\":80,\"image_align\":\"top\",\"image_grid_breakpoint\":\"m\",\"image_grid_width\":\"1-2\",\"image_svg_color\":\"emphasis\",\"item_animation\":true,\"lightbox_bg_close\":true,\"link_style\":\"default\",\"link_text\":\"Read more\",\"margin\":\"default\",\"meta_align\":\"below-title\",\"meta_element\":\"div\",\"meta_style\":\"text-meta\",\"parallax_easing\":\"1\",\"show_content\":true,\"show_hover_image\":true,\"show_hover_video\":true,\"show_image\":true,\"show_link\":true,\"show_meta\":true,\"show_title\":true,\"show_video\":true,\"title_align\":\"top\",\"title_element\":\"h4\",\"title_grid_breakpoint\":\"m\",\"title_grid_width\":\"1-2\",\"title_hover_style\":\"reset\",\"title_style\":\"h5\"},\"children\":[{\"type\":\"grid_item\",\"source\":{\"query\":{\"name\":\"posts.customPosts\",\"arguments\":{\"terms\":[43],\"category_operator\":\"IN\",\"post_tag_operator\":\"IN\",\"users\":[],\"users_operator\":\"IN\",\"offset\":0,\"limit\":10,\"order\":\"title\",\"order_direction\":\"ASC\"}},\"props\":{\"content\":{\"filters\":{\"search\":\"\"},\"arguments\":{\"show_intro_text\":true},\"name\":\"content\"},\"title\":{\"filters\":{\"search\":\"\"},\"name\":\"title\"}}},\"props\":{\"yooessentials_access_conditions\":[],\"yooessentials_access_mode\":\"AND\"}}]}]}]},{\"type\":\"row\",\"props\":{\"layout\":\"1-2,1-2\"},\"children\":[{\"type\":\"column\",\"props\":{\"image_position\":\"center-center\",\"position_sticky_breakpoint\":\"m\",\"width_medium\":\"1-2\",\"width_small\":\"1-2\"},\"children\":[{\"type\":\"headline\",\"props\":{\"content\":\"Juniorijaosto\",\"title_decoration\":\"line\",\"title_element\":\"h3\",\"title_style\":\"h3\"}},{\"type\":\"text\",\"props\":{\"column_breakpoint\":\"m\",\"content\":\"\n\n<p><strong>Puheenjohtaja<\\\/strong>\\u00a0<br \\\/>Venla Huurne<br \\\/>huurnevenla(at)gmail.com<\\\/p>\\n\n\n<p><strong>J\\u00e4senet<\\\/strong><br \\\/>Riina Korhonen (seuran hallitus)<br \\\/><a href=\\\"tel:+358405157931\\\">040 515 7931<\\\/a><br \\\/>riina.korhonen(at)hotmail.com<\\\/p>\\n\n\n<p>(C-ik\\u00e4iset)<\\\/p>\\n\n\n<p>(D-ik\\u00e4iset)<\\\/p>\\n\n\n<p>(E -ik\\u00e4iset)<\\\/p>\\n\n\n<p>(F -ik\\u00e4iset)<\\\/p>\\n\n\n<p>(Tiikerit 5 - 6)<\\\/p>\\n\n\n<p>(Tiikerit 3 - 4)<\\\/p>\\n\n\n<p><\\\/p>\",\"margin\":\"default\"}}]},{\"type\":\"column\",\"props\":{\"image_position\":\"center-center\",\"position_sticky_breakpoint\":\"m\",\"width_medium\":\"1-2\",\"width_small\":\"1-2\"}}]}]}],\"version\":\"4.5.15\",\"yooessentialsVersion\":\"2.2.16\"} --><\/p>\n","protected":false},"excerpt":{"rendered":"<p>Pallo-Karhut, lentopallo &#8211; yhteystiedot Hallitus Puheenjohtaja\u00a0Tarmo Ronkainen040 540 3950paka.lentopallo(at)hotmail.com J\u00e4senetRiina Korhonen040 515 7931riina.korhonen(at)hotmail.com Venla Huurnehuurnevenla(at)gmail.com Jari Vetel\u00e4inenjari.p.vetelainen(at)gmail.com Ida Hentil\u00e4hentila.ida(at)gmail.com Jarmo Korva0400 416 421jarmo.korva(at)gmail.com MarkkinointiArttu Ronkainen040 4140137polkkykuusamo(at)pallokarhut.fi Joukkueet Juniorijaosto Puheenjohtaja\u00a0Venla Huurnehuurnevenla(at)gmail.com J\u00e4senetRiina Korhonen (seuran hallitus)040 515 7931riina.korhonen(at)hotmail.com (C-ik\u00e4iset) (D-ik\u00e4iset) (E -ik\u00e4iset) (F -ik\u00e4iset) (Tiikerit 5 &#8211; 6) (Tiikerit 3 &#8211; 4)<\/p>\n","protected":false},"author":1,"featured_media":19,"parent":0,"menu_order":209,"comment_status":"closed","ping_status":"open","template":"","meta":{"footnotes":""},"class_list":["post-20","page","type-page","status-publish","has-post-thumbnail","hentry"],"yoast_head":"<!-- This site is optimized with the Yoast SEO plugin v27.4 - https:\/\/yoast.com\/product\/yoast-seo-wordpress\/ -->\n<title>Yhteystiedot - Pallokarhut, lentopallo<\/title>\n<meta name=\"robots\" content=\"index, follow, max-snippet:-1, max-image-preview:large, max-video-preview:-1\" \/>\n<link rel=\"canonical\" href=\"https:\/\/www.pallokarhut.fi\/lentopallo\/yhteystiedot\/\" \/>\n<meta property=\"og:locale\" content=\"fi_FI\" \/>\n<meta property=\"og:type\" content=\"article\" \/>\n<meta property=\"og:title\" content=\"Yhteystiedot - Pallokarhut, lentopallo\" \/>\n<meta property=\"og:description\" content=\"Pallo-Karhut, lentopallo &#8211; yhteystiedot Hallitus Puheenjohtaja\u00a0Tarmo Ronkainen040 540 3950paka.lentopallo(at)hotmail.com J\u00e4senetRiina Korhonen040 515 7931riina.korhonen(at)hotmail.com Venla Huurnehuurnevenla(at)gmail.com Jari Vetel\u00e4inenjari.p.vetelainen(at)gmail.com Ida Hentil\u00e4hentila.ida(at)gmail.com Jarmo Korva0400 416 421jarmo.korva(at)gmail.com MarkkinointiArttu Ronkainen040 4140137polkkykuusamo(at)pallokarhut.fi Joukkueet Juniorijaosto Puheenjohtaja\u00a0Venla Huurnehuurnevenla(at)gmail.com J\u00e4senetRiina Korhonen (seuran hallitus)040 515 7931riina.korhonen(at)hotmail.com (C-ik\u00e4iset) (D-ik\u00e4iset) (E -ik\u00e4iset) (F -ik\u00e4iset) (Tiikerit 5 &#8211; 6) (Tiikerit 3 &#8211; 4)\" \/>\n<meta property=\"og:url\" content=\"https:\/\/www.pallokarhut.fi\/lentopallo\/yhteystiedot\/\" \/>\n<meta property=\"og:site_name\" content=\"Pallokarhut, lentopallo\" \/>\n<meta property=\"article:modified_time\" content=\"2025-08-11T19:26:34+00:00\" \/>\n<meta property=\"og:image\" content=\"https:\/\/www.pallokarhut.fi\/lentopallo\/wp-content\/uploads\/2011\/08\/pakanlogo.png\" \/>\n\t<meta property=\"og:image:width\" content=\"178\" \/>\n\t<meta property=\"og:image:height\" content=\"180\" \/>\n\t<meta property=\"og:image:type\" content=\"image\/png\" \/>\n<meta name=\"twitter:card\" content=\"summary_large_image\" \/>\n<meta name=\"twitter:label1\" content=\"Arvioitu lukuaika\" \/>\n\t<meta name=\"twitter:data1\" content=\"1 minuutti\" \/>\n<script type=\"application\/ld+json\" class=\"yoast-schema-graph\">{\"@context\":\"https:\\\/\\\/schema.org\",\"@graph\":[{\"@type\":\"WebPage\",\"@id\":\"https:\\\/\\\/www.pallokarhut.fi\\\/lentopallo\\\/yhteystiedot\\\/\",\"url\":\"https:\\\/\\\/www.pallokarhut.fi\\\/lentopallo\\\/yhteystiedot\\\/\",\"name\":\"Yhteystiedot - Pallokarhut, lentopallo\",\"isPartOf\":{\"@id\":\"https:\\\/\\\/www.pallokarhut.fi\\\/lentopallo\\\/#website\"},\"primaryImageOfPage\":{\"@id\":\"https:\\\/\\\/www.pallokarhut.fi\\\/lentopallo\\\/yhteystiedot\\\/#primaryimage\"},\"image\":{\"@id\":\"https:\\\/\\\/www.pallokarhut.fi\\\/lentopallo\\\/yhteystiedot\\\/#primaryimage\"},\"thumbnailUrl\":\"https:\\\/\\\/www.pallokarhut.fi\\\/lentopallo\\\/wp-content\\\/uploads\\\/2011\\\/08\\\/pakanlogo.png\",\"datePublished\":\"2011-08-11T07:27:14+00:00\",\"dateModified\":\"2025-08-11T19:26:34+00:00\",\"breadcrumb\":{\"@id\":\"https:\\\/\\\/www.pallokarhut.fi\\\/lentopallo\\\/yhteystiedot\\\/#breadcrumb\"},\"inLanguage\":\"fi\",\"potentialAction\":[{\"@type\":\"ReadAction\",\"target\":[\"https:\\\/\\\/www.pallokarhut.fi\\\/lentopallo\\\/yhteystiedot\\\/\"]}]},{\"@type\":\"ImageObject\",\"inLanguage\":\"fi\",\"@id\":\"https:\\\/\\\/www.pallokarhut.fi\\\/lentopallo\\\/yhteystiedot\\\/#primaryimage\",\"url\":\"https:\\\/\\\/www.pallokarhut.fi\\\/lentopallo\\\/wp-content\\\/uploads\\\/2011\\\/08\\\/pakanlogo.png\",\"contentUrl\":\"https:\\\/\\\/www.pallokarhut.fi\\\/lentopallo\\\/wp-content\\\/uploads\\\/2011\\\/08\\\/pakanlogo.png\",\"width\":178,\"height\":180},{\"@type\":\"BreadcrumbList\",\"@id\":\"https:\\\/\\\/www.pallokarhut.fi\\\/lentopallo\\\/yhteystiedot\\\/#breadcrumb\",\"itemListElement\":[{\"@type\":\"ListItem\",\"position\":1,\"name\":\"Etusivu\",\"item\":\"https:\\\/\\\/www.pallokarhut.fi\\\/lentopallo\\\/\"},{\"@type\":\"ListItem\",\"position\":2,\"name\":\"Yhteystiedot\"}]},{\"@type\":\"WebSite\",\"@id\":\"https:\\\/\\\/www.pallokarhut.fi\\\/lentopallo\\\/#website\",\"url\":\"https:\\\/\\\/www.pallokarhut.fi\\\/lentopallo\\\/\",\"name\":\"Pallokarhut, lentopallo\",\"description\":\"Lentopalloa Kuusamossa\",\"potentialAction\":[{\"@type\":\"SearchAction\",\"target\":{\"@type\":\"EntryPoint\",\"urlTemplate\":\"https:\\\/\\\/www.pallokarhut.fi\\\/lentopallo\\\/?s={search_term_string}\"},\"query-input\":{\"@type\":\"PropertyValueSpecification\",\"valueRequired\":true,\"valueName\":\"search_term_string\"}}],\"inLanguage\":\"fi\"}]}<\/script>\n<!-- \/ Yoast SEO plugin. -->","yoast_head_json":{"title":"Yhteystiedot - Pallokarhut, lentopallo","robots":{"index":"index","follow":"follow","max-snippet":"max-snippet:-1","max-image-preview":"max-image-preview:large","max-video-preview":"max-video-preview:-1"},"canonical":"https:\/\/www.pallokarhut.fi\/lentopallo\/yhteystiedot\/","og_locale":"fi_FI","og_type":"article","og_title":"Yhteystiedot - Pallokarhut, lentopallo","og_description":"Pallo-Karhut, lentopallo &#8211; yhteystiedot Hallitus Puheenjohtaja\u00a0Tarmo Ronkainen040 540 3950paka.lentopallo(at)hotmail.com J\u00e4senetRiina Korhonen040 515 7931riina.korhonen(at)hotmail.com Venla Huurnehuurnevenla(at)gmail.com Jari Vetel\u00e4inenjari.p.vetelainen(at)gmail.com Ida Hentil\u00e4hentila.ida(at)gmail.com Jarmo Korva0400 416 421jarmo.korva(at)gmail.com MarkkinointiArttu Ronkainen040 4140137polkkykuusamo(at)pallokarhut.fi Joukkueet Juniorijaosto Puheenjohtaja\u00a0Venla Huurnehuurnevenla(at)gmail.com J\u00e4senetRiina Korhonen (seuran hallitus)040 515 7931riina.korhonen(at)hotmail.com (C-ik\u00e4iset) (D-ik\u00e4iset) (E -ik\u00e4iset) (F -ik\u00e4iset) (Tiikerit 5 &#8211; 6) (Tiikerit 3 &#8211; 4)","og_url":"https:\/\/www.pallokarhut.fi\/lentopallo\/yhteystiedot\/","og_site_name":"Pallokarhut, lentopallo","article_modified_time":"2025-08-11T19:26:34+00:00","og_image":[{"width":178,"height":180,"url":"https:\/\/www.pallokarhut.fi\/lentopallo\/wp-content\/uploads\/2011\/08\/pakanlogo.png","type":"image\/png"}],"twitter_card":"summary_large_image","twitter_misc":{"Arvioitu lukuaika":"1 minuutti"},"schema":{"@context":"https:\/\/schema.org","@graph":[{"@type":"WebPage","@id":"https:\/\/www.pallokarhut.fi\/lentopallo\/yhteystiedot\/","url":"https:\/\/www.pallokarhut.fi\/lentopallo\/yhteystiedot\/","name":"Yhteystiedot - Pallokarhut, lentopallo","isPartOf":{"@id":"https:\/\/www.pallokarhut.fi\/lentopallo\/#website"},"primaryImageOfPage":{"@id":"https:\/\/www.pallokarhut.fi\/lentopallo\/yhteystiedot\/#primaryimage"},"image":{"@id":"https:\/\/www.pallokarhut.fi\/lentopallo\/yhteystiedot\/#primaryimage"},"thumbnailUrl":"https:\/\/www.pallokarhut.fi\/lentopallo\/wp-content\/uploads\/2011\/08\/pakanlogo.png","datePublished":"2011-08-11T07:27:14+00:00","dateModified":"2025-08-11T19:26:34+00:00","breadcrumb":{"@id":"https:\/\/www.pallokarhut.fi\/lentopallo\/yhteystiedot\/#breadcrumb"},"inLanguage":"fi","potentialAction":[{"@type":"ReadAction","target":["https:\/\/www.pallokarhut.fi\/lentopallo\/yhteystiedot\/"]}]},{"@type":"ImageObject","inLanguage":"fi","@id":"https:\/\/www.pallokarhut.fi\/lentopallo\/yhteystiedot\/#primaryimage","url":"https:\/\/www.pallokarhut.fi\/lentopallo\/wp-content\/uploads\/2011\/08\/pakanlogo.png","contentUrl":"https:\/\/www.pallokarhut.fi\/lentopallo\/wp-content\/uploads\/2011\/08\/pakanlogo.png","width":178,"height":180},{"@type":"BreadcrumbList","@id":"https:\/\/www.pallokarhut.fi\/lentopallo\/yhteystiedot\/#breadcrumb","itemListElement":[{"@type":"ListItem","position":1,"name":"Etusivu","item":"https:\/\/www.pallokarhut.fi\/lentopallo\/"},{"@type":"ListItem","position":2,"name":"Yhteystiedot"}]},{"@type":"WebSite","@id":"https:\/\/www.pallokarhut.fi\/lentopallo\/#website","url":"https:\/\/www.pallokarhut.fi\/lentopallo\/","name":"Pallokarhut, lentopallo","description":"Lentopalloa Kuusamossa","potentialAction":[{"@type":"SearchAction","target":{"@type":"EntryPoint","urlTemplate":"https:\/\/www.pallokarhut.fi\/lentopallo\/?s={search_term_string}"},"query-input":{"@type":"PropertyValueSpecification","valueRequired":true,"valueName":"search_term_string"}}],"inLanguage":"fi"}]}},"_links":{"self":[{"href":"https:\/\/www.pallokarhut.fi\/lentopallo\/wp-json\/wp\/v2\/pages\/20","targetHints":{"allow":["GET"]}}],"collection":[{"href":"https:\/\/www.pallokarhut.fi\/lentopallo\/wp-json\/wp\/v2\/pages"}],"about":[{"href":"https:\/\/www.pallokarhut.fi\/lentopallo\/wp-json\/wp\/v2\/types\/page"}],"author":[{"embeddable":true,"href":"https:\/\/www.pallokarhut.fi\/lentopallo\/wp-json\/wp\/v2\/users\/1"}],"replies":[{"embeddable":true,"href":"https:\/\/www.pallokarhut.fi\/lentopallo\/wp-json\/wp\/v2\/comments?post=20"}],"version-history":[{"count":23,"href":"https:\/\/www.pallokarhut.fi\/lentopallo\/wp-json\/wp\/v2\/pages\/20\/revisions"}],"predecessor-version":[{"id":4035,"href":"https:\/\/www.pallokarhut.fi\/lentopallo\/wp-json\/wp\/v2\/pages\/20\/revisions\/4035"}],"wp:featuredmedia":[{"embeddable":true,"href":"https:\/\/www.pallokarhut.fi\/lentopallo\/wp-json\/wp\/v2\/media\/19"}],"wp:attachment":[{"href":"https:\/\/www.pallokarhut.fi\/lentopallo\/wp-json\/wp\/v2\/media?parent=20"}],"curies":[{"name":"wp","href":"https:\/\/api.w.org\/{rel}","templated":true}]}}